{"id":988958,"date":"2026-01-23T09:22:13","date_gmt":"2026-01-23T08:22:13","guid":{"rendered":"https:\/\/www.pcte.it\/?post_type=product&#038;p=988958"},"modified":"2026-01-29T10:49:25","modified_gmt":"2026-01-29T09:49:25","slug":"fluid-050-h1","status":"publish","type":"product","link":"https:\/\/www.pcte.it\/es\/producto\/fluid-050-h1\/","title":{"rendered":"Fluid 050\/H1"},"content":{"rendered":"<div class=\"vgblk-rw-wrapper limit-wrapper\">Limpiador y Desengrasante de Moldes NSF H1<\/p>\n<p>El Fluid 050\/H1 es un aerosol limpiador altamente eficaz, libre de cloro y acetona. Cuenta con la certificaci\u00f3n NSF H1 y, por lo tanto, es seguro para las industrias alimentaria y farmac\u00e9utica.<\/p>\n<p>Elimina contaminantes como aceite, grasa, ceras, resinas, silicona, dep\u00f3sitos de tintes, anticorrosivos, retardantes de llama y residuos de pl\u00e1stico.<\/p>\n<p>El propelente es di\u00f3xido de carbono, no una mezcla altamente inflamable de gases licuados de petr\u00f3leo.<\/p>\n<p>La proporci\u00f3n de ingredientes activos es de aproximadamente el 97 %. Se evapora r\u00e1pidamente sin dejar residuos. Puede utilizarse como lubricante de evaporaci\u00f3n temporal y para el montaje de piezas de goma. Roc\u00ede sobre un pa\u00f1o o directamente sobre las superficies afectadas (distancia de la superficie: aproximadamente 25 cm).<\/p><\/div>\n<p><!-- .vgblk-rw-wrapper --><\/p>","protected":false},"excerpt":{"rendered":"<p>Detergente e sgrassante per stampi NSF H1 Fluid 050\/H1 \u00e8 uno spray detergente altamente efficace, privo di cloro o acetone, \u00e8 registrato H1 da NSF quindi sicuro per l&#8217;industria alimentare e farmaceutica. Rimuove contaminanti come olio, grasso, cere, resine, silicone, depositi di coloranti, prodotti anticorrosivi, ritardanti di fiamma e residui di plastica. Il propellente \u00e8&#8230;<\/p>","protected":false},"featured_media":989171,"comment_status":"open","ping_status":"closed","template":"","meta":{"_acf_changed":false},"product_brand":[],"product_cat":[62],"product_tag":[],"class_list":{"0":"post-988958","1":"product","2":"type-product","3":"status-publish","4":"has-post-thumbnail","6":"product_cat-detergenti","8":"first","9":"instock","10":"shipping-taxable","11":"product-type-simple"},"acf":[],"yoast_head":"<!-- This site is optimized with the Yoast SEO plugin v27.0 - https:\/\/yoast.com\/product\/yoast-seo-wordpress\/ -->\n<title>Fluid 050\/H1 - PCT Europe<\/title>\n<meta name=\"robots\" content=\"index, follow, max-snippet:-1, max-image-preview:large, max-video-preview:-1\" \/>\n<link rel=\"canonical\" href=\"https:\/\/www.pcte.it\/es\/producto\/fluid-050-h1\/\" \/>\n<meta property=\"og:locale\" content=\"es_ES\" \/>\n<meta property=\"og:type\" content=\"article\" \/>\n<meta property=\"og:title\" content=\"Fluid 050\/H1 - PCT Europe\" \/>\n<meta property=\"og:description\" content=\"Detergente e sgrassante per stampi NSF H1 Fluid 050\/H1 \u00e8 uno spray detergente altamente efficace, privo di cloro o acetone, \u00e8 registrato H1 da NSF quindi sicuro per l&#8217;industria alimentare e farmaceutica. Rimuove contaminanti come olio, grasso, cere, resine, silicone, depositi di coloranti, prodotti anticorrosivi, ritardanti di fiamma e residui di plastica. Il propellente \u00e8...\" \/>\n<meta property=\"og:url\" content=\"https:\/\/www.pcte.it\/es\/producto\/fluid-050-h1\/\" \/>\n<meta property=\"og:site_name\" content=\"PCT Europe\" \/>\n<meta property=\"article:modified_time\" content=\"2026-01-29T09:49:25+00:00\" \/>\n<meta property=\"og:image\" content=\"https:\/\/www.pcte.it\/wp-content\/uploads\/2026\/01\/050.png\" \/>\n\t<meta property=\"og:image:width\" content=\"600\" \/>\n\t<meta property=\"og:image:height\" content=\"600\" \/>\n\t<meta property=\"og:image:type\" content=\"image\/png\" \/>\n<meta name=\"twitter:card\" content=\"summary_large_image\" \/>\n<meta name=\"twitter:label1\" content=\"Tiempo de lectura\" \/>\n\t<meta name=\"twitter:data1\" content=\"1 minuto\" \/>\n<script type=\"application\/ld+json\" class=\"yoast-schema-graph\">{\"@context\":\"https:\/\/schema.org\",\"@graph\":[{\"@type\":\"WebPage\",\"@id\":\"https:\/\/www.pcte.it\/prodotto\/fluid-050-h1\/\",\"url\":\"https:\/\/www.pcte.it\/prodotto\/fluid-050-h1\/\",\"name\":\"Fluid 050\/H1 - PCT Europe\",\"isPartOf\":{\"@id\":\"https:\/\/www.pcte.it\/#website\"},\"primaryImageOfPage\":{\"@id\":\"https:\/\/www.pcte.it\/prodotto\/fluid-050-h1\/#primaryimage\"},\"image\":{\"@id\":\"https:\/\/www.pcte.it\/prodotto\/fluid-050-h1\/#primaryimage\"},\"thumbnailUrl\":\"https:\/\/www.pcte.it\/wp-content\/uploads\/2026\/01\/050.png\",\"datePublished\":\"2026-01-23T08:22:13+00:00\",\"dateModified\":\"2026-01-29T09:49:25+00:00\",\"breadcrumb\":{\"@id\":\"https:\/\/www.pcte.it\/prodotto\/fluid-050-h1\/#breadcrumb\"},\"inLanguage\":\"es\",\"potentialAction\":[{\"@type\":\"ReadAction\",\"target\":[\"https:\/\/www.pcte.it\/prodotto\/fluid-050-h1\/\"]}]},{\"@type\":\"ImageObject\",\"inLanguage\":\"es\",\"@id\":\"https:\/\/www.pcte.it\/prodotto\/fluid-050-h1\/#primaryimage\",\"url\":\"https:\/\/www.pcte.it\/wp-content\/uploads\/2026\/01\/050.png\",\"contentUrl\":\"https:\/\/www.pcte.it\/wp-content\/uploads\/2026\/01\/050.png\",\"width\":600,\"height\":600},{\"@type\":\"BreadcrumbList\",\"@id\":\"https:\/\/www.pcte.it\/prodotto\/fluid-050-h1\/#breadcrumb\",\"itemListElement\":[{\"@type\":\"ListItem\",\"position\":1,\"name\":\"Home\",\"item\":\"https:\/\/www.pcte.it\/\"},{\"@type\":\"ListItem\",\"position\":2,\"name\":\"Catalogo prodotti\",\"item\":\"https:\/\/www.pcte.it\/catalogo\/\"},{\"@type\":\"ListItem\",\"position\":3,\"name\":\"Fluid 050\/H1\"}]},{\"@type\":\"WebSite\",\"@id\":\"https:\/\/www.pcte.it\/#website\",\"url\":\"https:\/\/www.pcte.it\/\",\"name\":\"PCT Europe\",\"description\":\"Polymer Cleaning technology\",\"publisher\":{\"@id\":\"https:\/\/www.pcte.it\/#organization\"},\"potentialAction\":[{\"@type\":\"SearchAction\",\"target\":{\"@type\":\"EntryPoint\",\"urlTemplate\":\"https:\/\/www.pcte.it\/?s={search_term_string}\"},\"query-input\":{\"@type\":\"PropertyValueSpecification\",\"valueRequired\":true,\"valueName\":\"search_term_string\"}}],\"inLanguage\":\"es\"},{\"@type\":\"Organization\",\"@id\":\"https:\/\/www.pcte.it\/#organization\",\"name\":\"PCT Europe\",\"url\":\"https:\/\/www.pcte.it\/\",\"logo\":{\"@type\":\"ImageObject\",\"inLanguage\":\"es\",\"@id\":\"https:\/\/www.pcte.it\/#\/schema\/logo\/image\/\",\"url\":\"https:\/\/www.pcte.it\/wp-content\/uploads\/2025\/02\/PCTE_logo_verde-removebg-preview.png\",\"contentUrl\":\"https:\/\/www.pcte.it\/wp-content\/uploads\/2025\/02\/PCTE_logo_verde-removebg-preview.png\",\"width\":181,\"height\":48,\"caption\":\"PCT Europe\"},\"image\":{\"@id\":\"https:\/\/www.pcte.it\/#\/schema\/logo\/image\/\"}}]}<\/script>\n<!-- \/ Yoast SEO plugin. -->","yoast_head_json":{"title":"Fluid 050\/H1 - PCT Europe","robots":{"index":"index","follow":"follow","max-snippet":"max-snippet:-1","max-image-preview":"max-image-preview:large","max-video-preview":"max-video-preview:-1"},"canonical":"https:\/\/www.pcte.it\/es\/producto\/fluid-050-h1\/","og_locale":"es_ES","og_type":"article","og_title":"Fluid 050\/H1 - PCT Europe","og_description":"Detergente e sgrassante per stampi NSF H1 Fluid 050\/H1 \u00e8 uno spray detergente altamente efficace, privo di cloro o acetone, \u00e8 registrato H1 da NSF quindi sicuro per l&#8217;industria alimentare e farmaceutica. Rimuove contaminanti come olio, grasso, cere, resine, silicone, depositi di coloranti, prodotti anticorrosivi, ritardanti di fiamma e residui di plastica. Il propellente \u00e8...","og_url":"https:\/\/www.pcte.it\/es\/producto\/fluid-050-h1\/","og_site_name":"PCT Europe","article_modified_time":"2026-01-29T09:49:25+00:00","og_image":[{"width":600,"height":600,"url":"https:\/\/www.pcte.it\/wp-content\/uploads\/2026\/01\/050.png","type":"image\/png"}],"twitter_card":"summary_large_image","twitter_misc":{"Tiempo de lectura":"1 minuto"},"schema":{"@context":"https:\/\/schema.org","@graph":[{"@type":"WebPage","@id":"https:\/\/www.pcte.it\/prodotto\/fluid-050-h1\/","url":"https:\/\/www.pcte.it\/prodotto\/fluid-050-h1\/","name":"Fluid 050\/H1 - PCT Europe","isPartOf":{"@id":"https:\/\/www.pcte.it\/#website"},"primaryImageOfPage":{"@id":"https:\/\/www.pcte.it\/prodotto\/fluid-050-h1\/#primaryimage"},"image":{"@id":"https:\/\/www.pcte.it\/prodotto\/fluid-050-h1\/#primaryimage"},"thumbnailUrl":"https:\/\/www.pcte.it\/wp-content\/uploads\/2026\/01\/050.png","datePublished":"2026-01-23T08:22:13+00:00","dateModified":"2026-01-29T09:49:25+00:00","breadcrumb":{"@id":"https:\/\/www.pcte.it\/prodotto\/fluid-050-h1\/#breadcrumb"},"inLanguage":"es","potentialAction":[{"@type":"ReadAction","target":["https:\/\/www.pcte.it\/prodotto\/fluid-050-h1\/"]}]},{"@type":"ImageObject","inLanguage":"es","@id":"https:\/\/www.pcte.it\/prodotto\/fluid-050-h1\/#primaryimage","url":"https:\/\/www.pcte.it\/wp-content\/uploads\/2026\/01\/050.png","contentUrl":"https:\/\/www.pcte.it\/wp-content\/uploads\/2026\/01\/050.png","width":600,"height":600},{"@type":"BreadcrumbList","@id":"https:\/\/www.pcte.it\/prodotto\/fluid-050-h1\/#breadcrumb","itemListElement":[{"@type":"ListItem","position":1,"name":"Home","item":"https:\/\/www.pcte.it\/"},{"@type":"ListItem","position":2,"name":"Catalogo prodotti","item":"https:\/\/www.pcte.it\/catalogo\/"},{"@type":"ListItem","position":3,"name":"Fluid 050\/H1"}]},{"@type":"WebSite","@id":"https:\/\/www.pcte.it\/#website","url":"https:\/\/www.pcte.it\/","name":"PCT Europe","description":"Polymer Cleaning technology","publisher":{"@id":"https:\/\/www.pcte.it\/#organization"},"potentialAction":[{"@type":"SearchAction","target":{"@type":"EntryPoint","urlTemplate":"https:\/\/www.pcte.it\/?s={search_term_string}"},"query-input":{"@type":"PropertyValueSpecification","valueRequired":true,"valueName":"search_term_string"}}],"inLanguage":"es"},{"@type":"Organization","@id":"https:\/\/www.pcte.it\/#organization","name":"PCT Europe","url":"https:\/\/www.pcte.it\/","logo":{"@type":"ImageObject","inLanguage":"es","@id":"https:\/\/www.pcte.it\/#\/schema\/logo\/image\/","url":"https:\/\/www.pcte.it\/wp-content\/uploads\/2025\/02\/PCTE_logo_verde-removebg-preview.png","contentUrl":"https:\/\/www.pcte.it\/wp-content\/uploads\/2025\/02\/PCTE_logo_verde-removebg-preview.png","width":181,"height":48,"caption":"PCT Europe"},"image":{"@id":"https:\/\/www.pcte.it\/#\/schema\/logo\/image\/"}}]}},"_links":{"self":[{"href":"https:\/\/www.pcte.it\/es\/wp-json\/wp\/v2\/product\/988958","targetHints":{"allow":["GET"]}}],"collection":[{"href":"https:\/\/www.pcte.it\/es\/wp-json\/wp\/v2\/product"}],"about":[{"href":"https:\/\/www.pcte.it\/es\/wp-json\/wp\/v2\/types\/product"}],"replies":[{"embeddable":true,"href":"https:\/\/www.pcte.it\/es\/wp-json\/wp\/v2\/comments?post=988958"}],"wp:featuredmedia":[{"embeddable":true,"href":"https:\/\/www.pcte.it\/es\/wp-json\/wp\/v2\/media\/989171"}],"wp:attachment":[{"href":"https:\/\/www.pcte.it\/es\/wp-json\/wp\/v2\/media?parent=988958"}],"wp:term":[{"taxonomy":"product_brand","embeddable":true,"href":"https:\/\/www.pcte.it\/es\/wp-json\/wp\/v2\/product_brand?post=988958"},{"taxonomy":"product_cat","embeddable":true,"href":"https:\/\/www.pcte.it\/es\/wp-json\/wp\/v2\/product_cat?post=988958"},{"taxonomy":"product_tag","embeddable":true,"href":"https:\/\/www.pcte.it\/es\/wp-json\/wp\/v2\/product_tag?post=988958"}],"curies":[{"name":"wp","href":"https:\/\/api.w.org\/{rel}","templated":true}]}}