{"id":988964,"date":"2026-01-23T09:28:33","date_gmt":"2026-01-23T08:28:33","guid":{"rendered":"https:\/\/www.pcte.it\/?post_type=product&#038;p=988964"},"modified":"2026-01-29T10:47:40","modified_gmt":"2026-01-29T09:47:40","slug":"blizzard","status":"publish","type":"product","link":"https:\/\/www.pcte.it\/es\/producto\/blizzard\/","title":{"rendered":"Blizzard"},"content":{"rendered":"<div class=\"vgblk-rw-wrapper limit-wrapper\">Desengrasante y limpiador con disolventes altamente concentrado para la limpieza de superficies duras de cualquier tipo.<\/p>\n<p>Elimina eficazmente suciedad, aceite, grasa, residuos de carb\u00f3n, incrustaciones, lodos y manchas superficiales en tan solo unos minutos.<\/p>\n<p>Es un producto imprescindible en el taller mec\u00e1nico y el departamento de producci\u00f3n. Ideal para la limpieza de moldes, placas, herramientas, piezas mec\u00e1nicas, equipos de taller, m\u00e1quinas, circuitos de refrigeraci\u00f3n de m\u00e1quinas y tambi\u00e9n para la limpieza general de entornos (oficinas, encimeras, ventanas, suelos).<\/p><\/div>\n<p><!-- .vgblk-rw-wrapper --><\/p>","protected":false},"excerpt":{"rendered":"<p>Detergente sgrassante e dissolvente altamente concentrato per la pulizia di superfici dure di qualsiasi natura. Consente di rimuovere efficacemente e in pochi minuti sporco, oli, grassi, residui carboniosi, incrostazioni, fanghiglie e macchie superficiali. \u00c8 un prodotto immancabile in officina meccanica e nel reparto produzione. Ideale per il lavaggio di stampi, piastre, utensili, pezzi meccanici, attrezzature&#8230;<\/p>","protected":false},"featured_media":989154,"comment_status":"open","ping_status":"closed","template":"","meta":{"_acf_changed":false},"product_brand":[],"product_cat":[62],"product_tag":[],"class_list":{"0":"post-988964","1":"product","2":"type-product","3":"status-publish","4":"has-post-thumbnail","6":"product_cat-detergenti","8":"first","9":"instock","10":"shipping-taxable","11":"product-type-simple"},"acf":[],"yoast_head":"<!-- This site is optimized with the Yoast SEO plugin v27.0 - https:\/\/yoast.com\/product\/yoast-seo-wordpress\/ -->\n<title>Blizzard - PCT Europe<\/title>\n<meta name=\"robots\" content=\"index, follow, max-snippet:-1, max-image-preview:large, max-video-preview:-1\" \/>\n<link rel=\"canonical\" href=\"https:\/\/www.pcte.it\/es\/producto\/blizzard\/\" \/>\n<meta property=\"og:locale\" content=\"es_ES\" \/>\n<meta property=\"og:type\" content=\"article\" \/>\n<meta property=\"og:title\" content=\"Blizzard - PCT Europe\" \/>\n<meta property=\"og:description\" content=\"Detergente sgrassante e dissolvente altamente concentrato per la pulizia di superfici dure di qualsiasi natura. Consente di rimuovere efficacemente e in pochi minuti sporco, oli, grassi, residui carboniosi, incrostazioni, fanghiglie e macchie superficiali. \u00c8 un prodotto immancabile in officina meccanica e nel reparto produzione. Ideale per il lavaggio di stampi, piastre, utensili, pezzi meccanici, attrezzature...\" \/>\n<meta property=\"og:url\" content=\"https:\/\/www.pcte.it\/es\/producto\/blizzard\/\" \/>\n<meta property=\"og:site_name\" content=\"PCT Europe\" \/>\n<meta property=\"article:modified_time\" content=\"2026-01-29T09:47:40+00:00\" \/>\n<meta property=\"og:image\" content=\"https:\/\/www.pcte.it\/wp-content\/uploads\/2026\/01\/blizzard.png\" \/>\n\t<meta property=\"og:image:width\" content=\"600\" \/>\n\t<meta property=\"og:image:height\" content=\"600\" \/>\n\t<meta property=\"og:image:type\" content=\"image\/png\" \/>\n<meta name=\"twitter:card\" content=\"summary_large_image\" \/>\n<meta name=\"twitter:label1\" content=\"Tiempo de lectura\" \/>\n\t<meta name=\"twitter:data1\" content=\"1 minuto\" \/>\n<script type=\"application\/ld+json\" class=\"yoast-schema-graph\">{\"@context\":\"https:\/\/schema.org\",\"@graph\":[{\"@type\":\"WebPage\",\"@id\":\"https:\/\/www.pcte.it\/prodotto\/blizzard\/\",\"url\":\"https:\/\/www.pcte.it\/prodotto\/blizzard\/\",\"name\":\"Blizzard - PCT Europe\",\"isPartOf\":{\"@id\":\"https:\/\/www.pcte.it\/#website\"},\"primaryImageOfPage\":{\"@id\":\"https:\/\/www.pcte.it\/prodotto\/blizzard\/#primaryimage\"},\"image\":{\"@id\":\"https:\/\/www.pcte.it\/prodotto\/blizzard\/#primaryimage\"},\"thumbnailUrl\":\"https:\/\/www.pcte.it\/wp-content\/uploads\/2026\/01\/blizzard.png\",\"datePublished\":\"2026-01-23T08:28:33+00:00\",\"dateModified\":\"2026-01-29T09:47:40+00:00\",\"breadcrumb\":{\"@id\":\"https:\/\/www.pcte.it\/prodotto\/blizzard\/#breadcrumb\"},\"inLanguage\":\"es\",\"potentialAction\":[{\"@type\":\"ReadAction\",\"target\":[\"https:\/\/www.pcte.it\/prodotto\/blizzard\/\"]}]},{\"@type\":\"ImageObject\",\"inLanguage\":\"es\",\"@id\":\"https:\/\/www.pcte.it\/prodotto\/blizzard\/#primaryimage\",\"url\":\"https:\/\/www.pcte.it\/wp-content\/uploads\/2026\/01\/blizzard.png\",\"contentUrl\":\"https:\/\/www.pcte.it\/wp-content\/uploads\/2026\/01\/blizzard.png\",\"width\":600,\"height\":600},{\"@type\":\"BreadcrumbList\",\"@id\":\"https:\/\/www.pcte.it\/prodotto\/blizzard\/#breadcrumb\",\"itemListElement\":[{\"@type\":\"ListItem\",\"position\":1,\"name\":\"Home\",\"item\":\"https:\/\/www.pcte.it\/\"},{\"@type\":\"ListItem\",\"position\":2,\"name\":\"Catalogo prodotti\",\"item\":\"https:\/\/www.pcte.it\/catalogo\/\"},{\"@type\":\"ListItem\",\"position\":3,\"name\":\"Blizzard\"}]},{\"@type\":\"WebSite\",\"@id\":\"https:\/\/www.pcte.it\/#website\",\"url\":\"https:\/\/www.pcte.it\/\",\"name\":\"PCT Europe\",\"description\":\"Polymer Cleaning technology\",\"publisher\":{\"@id\":\"https:\/\/www.pcte.it\/#organization\"},\"potentialAction\":[{\"@type\":\"SearchAction\",\"target\":{\"@type\":\"EntryPoint\",\"urlTemplate\":\"https:\/\/www.pcte.it\/?s={search_term_string}\"},\"query-input\":{\"@type\":\"PropertyValueSpecification\",\"valueRequired\":true,\"valueName\":\"search_term_string\"}}],\"inLanguage\":\"es\"},{\"@type\":\"Organization\",\"@id\":\"https:\/\/www.pcte.it\/#organization\",\"name\":\"PCT Europe\",\"url\":\"https:\/\/www.pcte.it\/\",\"logo\":{\"@type\":\"ImageObject\",\"inLanguage\":\"es\",\"@id\":\"https:\/\/www.pcte.it\/#\/schema\/logo\/image\/\",\"url\":\"https:\/\/www.pcte.it\/wp-content\/uploads\/2025\/02\/PCTE_logo_verde-removebg-preview.png\",\"contentUrl\":\"https:\/\/www.pcte.it\/wp-content\/uploads\/2025\/02\/PCTE_logo_verde-removebg-preview.png\",\"width\":181,\"height\":48,\"caption\":\"PCT Europe\"},\"image\":{\"@id\":\"https:\/\/www.pcte.it\/#\/schema\/logo\/image\/\"}}]}<\/script>\n<!-- \/ Yoast SEO plugin. -->","yoast_head_json":{"title":"Blizzard - PCT Europe","robots":{"index":"index","follow":"follow","max-snippet":"max-snippet:-1","max-image-preview":"max-image-preview:large","max-video-preview":"max-video-preview:-1"},"canonical":"https:\/\/www.pcte.it\/es\/producto\/blizzard\/","og_locale":"es_ES","og_type":"article","og_title":"Blizzard - PCT Europe","og_description":"Detergente sgrassante e dissolvente altamente concentrato per la pulizia di superfici dure di qualsiasi natura. Consente di rimuovere efficacemente e in pochi minuti sporco, oli, grassi, residui carboniosi, incrostazioni, fanghiglie e macchie superficiali. \u00c8 un prodotto immancabile in officina meccanica e nel reparto produzione. Ideale per il lavaggio di stampi, piastre, utensili, pezzi meccanici, attrezzature...","og_url":"https:\/\/www.pcte.it\/es\/producto\/blizzard\/","og_site_name":"PCT Europe","article_modified_time":"2026-01-29T09:47:40+00:00","og_image":[{"width":600,"height":600,"url":"https:\/\/www.pcte.it\/wp-content\/uploads\/2026\/01\/blizzard.png","type":"image\/png"}],"twitter_card":"summary_large_image","twitter_misc":{"Tiempo de lectura":"1 minuto"},"schema":{"@context":"https:\/\/schema.org","@graph":[{"@type":"WebPage","@id":"https:\/\/www.pcte.it\/prodotto\/blizzard\/","url":"https:\/\/www.pcte.it\/prodotto\/blizzard\/","name":"Blizzard - PCT Europe","isPartOf":{"@id":"https:\/\/www.pcte.it\/#website"},"primaryImageOfPage":{"@id":"https:\/\/www.pcte.it\/prodotto\/blizzard\/#primaryimage"},"image":{"@id":"https:\/\/www.pcte.it\/prodotto\/blizzard\/#primaryimage"},"thumbnailUrl":"https:\/\/www.pcte.it\/wp-content\/uploads\/2026\/01\/blizzard.png","datePublished":"2026-01-23T08:28:33+00:00","dateModified":"2026-01-29T09:47:40+00:00","breadcrumb":{"@id":"https:\/\/www.pcte.it\/prodotto\/blizzard\/#breadcrumb"},"inLanguage":"es","potentialAction":[{"@type":"ReadAction","target":["https:\/\/www.pcte.it\/prodotto\/blizzard\/"]}]},{"@type":"ImageObject","inLanguage":"es","@id":"https:\/\/www.pcte.it\/prodotto\/blizzard\/#primaryimage","url":"https:\/\/www.pcte.it\/wp-content\/uploads\/2026\/01\/blizzard.png","contentUrl":"https:\/\/www.pcte.it\/wp-content\/uploads\/2026\/01\/blizzard.png","width":600,"height":600},{"@type":"BreadcrumbList","@id":"https:\/\/www.pcte.it\/prodotto\/blizzard\/#breadcrumb","itemListElement":[{"@type":"ListItem","position":1,"name":"Home","item":"https:\/\/www.pcte.it\/"},{"@type":"ListItem","position":2,"name":"Catalogo prodotti","item":"https:\/\/www.pcte.it\/catalogo\/"},{"@type":"ListItem","position":3,"name":"Blizzard"}]},{"@type":"WebSite","@id":"https:\/\/www.pcte.it\/#website","url":"https:\/\/www.pcte.it\/","name":"PCT Europe","description":"Polymer Cleaning technology","publisher":{"@id":"https:\/\/www.pcte.it\/#organization"},"potentialAction":[{"@type":"SearchAction","target":{"@type":"EntryPoint","urlTemplate":"https:\/\/www.pcte.it\/?s={search_term_string}"},"query-input":{"@type":"PropertyValueSpecification","valueRequired":true,"valueName":"search_term_string"}}],"inLanguage":"es"},{"@type":"Organization","@id":"https:\/\/www.pcte.it\/#organization","name":"PCT Europe","url":"https:\/\/www.pcte.it\/","logo":{"@type":"ImageObject","inLanguage":"es","@id":"https:\/\/www.pcte.it\/#\/schema\/logo\/image\/","url":"https:\/\/www.pcte.it\/wp-content\/uploads\/2025\/02\/PCTE_logo_verde-removebg-preview.png","contentUrl":"https:\/\/www.pcte.it\/wp-content\/uploads\/2025\/02\/PCTE_logo_verde-removebg-preview.png","width":181,"height":48,"caption":"PCT Europe"},"image":{"@id":"https:\/\/www.pcte.it\/#\/schema\/logo\/image\/"}}]}},"_links":{"self":[{"href":"https:\/\/www.pcte.it\/es\/wp-json\/wp\/v2\/product\/988964","targetHints":{"allow":["GET"]}}],"collection":[{"href":"https:\/\/www.pcte.it\/es\/wp-json\/wp\/v2\/product"}],"about":[{"href":"https:\/\/www.pcte.it\/es\/wp-json\/wp\/v2\/types\/product"}],"replies":[{"embeddable":true,"href":"https:\/\/www.pcte.it\/es\/wp-json\/wp\/v2\/comments?post=988964"}],"wp:featuredmedia":[{"embeddable":true,"href":"https:\/\/www.pcte.it\/es\/wp-json\/wp\/v2\/media\/989154"}],"wp:attachment":[{"href":"https:\/\/www.pcte.it\/es\/wp-json\/wp\/v2\/media?parent=988964"}],"wp:term":[{"taxonomy":"product_brand","embeddable":true,"href":"https:\/\/www.pcte.it\/es\/wp-json\/wp\/v2\/product_brand?post=988964"},{"taxonomy":"product_cat","embeddable":true,"href":"https:\/\/www.pcte.it\/es\/wp-json\/wp\/v2\/product_cat?post=988964"},{"taxonomy":"product_tag","embeddable":true,"href":"https:\/\/www.pcte.it\/es\/wp-json\/wp\/v2\/product_tag?post=988964"}],"curies":[{"name":"wp","href":"https:\/\/api.w.org\/{rel}","templated":true}]}}