{"id":988969,"date":"2026-01-23T09:36:38","date_gmt":"2026-01-23T08:36:38","guid":{"rendered":"https:\/\/www.pcte.it\/?post_type=product&#038;p=988969"},"modified":"2026-01-29T10:46:46","modified_gmt":"2026-01-29T09:46:46","slug":"zap-ox","status":"publish","type":"product","link":"https:\/\/www.pcte.it\/es\/producto\/zap-ox\/","title":{"rendered":"Zap-Ox\u00ae"},"content":{"rendered":"<div class=\"vgblk-rw-wrapper limit-wrapper\">Zap-Ox\u00ae ofrece una eliminaci\u00f3n de manchas inigualable.<\/p>\n<p>Ning\u00fan otro limpiador elimina el \u00f3xido, la oxidaci\u00f3n, las acumulaciones, la decoloraci\u00f3n de las soldaduras, las manchas de gas generadas por pol\u00edmeros, las manchas de cal y las alteraciones de las superficies met\u00e1licas como Zap-Ox\u00ae.<\/p>\n<p>Simplemente aplique una fina capa de limpiador sobre la superficie manchada; Zap-Ox\u00ae elimina la mancha de la superficie met\u00e1lica sin da\u00f1arla.<\/p>\n<p>Zap-Ox permite una limpieza profunda, r\u00e1pida e inocua de cualquier superficie met\u00e1lica, evitando el uso de disolventes agresivos y operaciones mec\u00e1nicas riesgosas, ahorrando tiempo.<\/p>\n<p>Mientras que la mayor\u00eda de los limpiadores requieren restregar, Zap-Ox\u00ae elimina la mayor\u00eda de las manchas sin restregar. Zap-Ox\u00ae cuenta con la certificaci\u00f3n NSF.<\/p>\n<p>&nbsp;<\/p>\n<p>&nbsp;<\/p>\n<p>&nbsp;<\/p><\/div>\n<p><!-- .vgblk-rw-wrapper --><\/p>","protected":false},"excerpt":{"rendered":"<p>Zap-Ox\u00ae offre una capacit\u00e0 di rimozione delle macchie senza pari. Non esiste altro detergente in grado di rimuovere ruggine, ossidazioni, accumuli, scolorimento delle saldature, macchie di gas generate dai polimeri, macchie di calcare, alterazioni sulle superfici metalliche come Zap-Ox\u00ae. Basta applicare un sottile strato di detergente sulla superficie macchiata, Zap-Ox\u00ae agisce e rimuove la macchia&#8230;<\/p>","protected":false},"featured_media":989173,"comment_status":"open","ping_status":"closed","template":"","meta":{"_acf_changed":false},"product_brand":[],"product_cat":[62],"product_tag":[],"class_list":{"0":"post-988969","1":"product","2":"type-product","3":"status-publish","4":"has-post-thumbnail","6":"product_cat-detergenti","8":"first","9":"instock","10":"shipping-taxable","11":"product-type-simple"},"acf":[],"yoast_head":"<!-- This site is optimized with the Yoast SEO plugin v27.0 - https:\/\/yoast.com\/product\/yoast-seo-wordpress\/ -->\n<title>Zap-Ox\u00ae - PCT Europe<\/title>\n<meta name=\"robots\" content=\"index, follow, max-snippet:-1, max-image-preview:large, max-video-preview:-1\" \/>\n<link rel=\"canonical\" href=\"https:\/\/www.pcte.it\/es\/producto\/zap-ox\/\" \/>\n<meta property=\"og:locale\" content=\"es_ES\" \/>\n<meta property=\"og:type\" content=\"article\" \/>\n<meta property=\"og:title\" content=\"Zap-Ox\u00ae - PCT Europe\" \/>\n<meta property=\"og:description\" content=\"Zap-Ox\u00ae offre una capacit\u00e0 di rimozione delle macchie senza pari. Non esiste altro detergente in grado di rimuovere ruggine, ossidazioni, accumuli, scolorimento delle saldature, macchie di gas generate dai polimeri, macchie di calcare, alterazioni sulle superfici metalliche come Zap-Ox\u00ae. Basta applicare un sottile strato di detergente sulla superficie macchiata, Zap-Ox\u00ae agisce e rimuove la macchia...\" \/>\n<meta property=\"og:url\" content=\"https:\/\/www.pcte.it\/es\/producto\/zap-ox\/\" \/>\n<meta property=\"og:site_name\" content=\"PCT Europe\" \/>\n<meta property=\"article:modified_time\" content=\"2026-01-29T09:46:46+00:00\" \/>\n<meta property=\"og:image\" content=\"https:\/\/www.pcte.it\/wp-content\/uploads\/2026\/01\/zap-ox.png\" \/>\n\t<meta property=\"og:image:width\" content=\"600\" \/>\n\t<meta property=\"og:image:height\" content=\"600\" \/>\n\t<meta property=\"og:image:type\" content=\"image\/png\" \/>\n<meta name=\"twitter:card\" content=\"summary_large_image\" \/>\n<meta name=\"twitter:label1\" content=\"Tiempo de lectura\" \/>\n\t<meta name=\"twitter:data1\" content=\"1 minuto\" \/>\n<script type=\"application\/ld+json\" class=\"yoast-schema-graph\">{\"@context\":\"https:\/\/schema.org\",\"@graph\":[{\"@type\":\"WebPage\",\"@id\":\"https:\/\/www.pcte.it\/prodotto\/zap-ox\/\",\"url\":\"https:\/\/www.pcte.it\/prodotto\/zap-ox\/\",\"name\":\"Zap-Ox\u00ae - PCT Europe\",\"isPartOf\":{\"@id\":\"https:\/\/www.pcte.it\/#website\"},\"primaryImageOfPage\":{\"@id\":\"https:\/\/www.pcte.it\/prodotto\/zap-ox\/#primaryimage\"},\"image\":{\"@id\":\"https:\/\/www.pcte.it\/prodotto\/zap-ox\/#primaryimage\"},\"thumbnailUrl\":\"https:\/\/www.pcte.it\/wp-content\/uploads\/2026\/01\/zap-ox.png\",\"datePublished\":\"2026-01-23T08:36:38+00:00\",\"dateModified\":\"2026-01-29T09:46:46+00:00\",\"breadcrumb\":{\"@id\":\"https:\/\/www.pcte.it\/prodotto\/zap-ox\/#breadcrumb\"},\"inLanguage\":\"es\",\"potentialAction\":[{\"@type\":\"ReadAction\",\"target\":[\"https:\/\/www.pcte.it\/prodotto\/zap-ox\/\"]}]},{\"@type\":\"ImageObject\",\"inLanguage\":\"es\",\"@id\":\"https:\/\/www.pcte.it\/prodotto\/zap-ox\/#primaryimage\",\"url\":\"https:\/\/www.pcte.it\/wp-content\/uploads\/2026\/01\/zap-ox.png\",\"contentUrl\":\"https:\/\/www.pcte.it\/wp-content\/uploads\/2026\/01\/zap-ox.png\",\"width\":600,\"height\":600},{\"@type\":\"BreadcrumbList\",\"@id\":\"https:\/\/www.pcte.it\/prodotto\/zap-ox\/#breadcrumb\",\"itemListElement\":[{\"@type\":\"ListItem\",\"position\":1,\"name\":\"Home\",\"item\":\"https:\/\/www.pcte.it\/\"},{\"@type\":\"ListItem\",\"position\":2,\"name\":\"Catalogo prodotti\",\"item\":\"https:\/\/www.pcte.it\/catalogo\/\"},{\"@type\":\"ListItem\",\"position\":3,\"name\":\"Zap-Ox\u00ae\"}]},{\"@type\":\"WebSite\",\"@id\":\"https:\/\/www.pcte.it\/#website\",\"url\":\"https:\/\/www.pcte.it\/\",\"name\":\"PCT Europe\",\"description\":\"Polymer Cleaning technology\",\"publisher\":{\"@id\":\"https:\/\/www.pcte.it\/#organization\"},\"potentialAction\":[{\"@type\":\"SearchAction\",\"target\":{\"@type\":\"EntryPoint\",\"urlTemplate\":\"https:\/\/www.pcte.it\/?s={search_term_string}\"},\"query-input\":{\"@type\":\"PropertyValueSpecification\",\"valueRequired\":true,\"valueName\":\"search_term_string\"}}],\"inLanguage\":\"es\"},{\"@type\":\"Organization\",\"@id\":\"https:\/\/www.pcte.it\/#organization\",\"name\":\"PCT Europe\",\"url\":\"https:\/\/www.pcte.it\/\",\"logo\":{\"@type\":\"ImageObject\",\"inLanguage\":\"es\",\"@id\":\"https:\/\/www.pcte.it\/#\/schema\/logo\/image\/\",\"url\":\"https:\/\/www.pcte.it\/wp-content\/uploads\/2025\/02\/PCTE_logo_verde-removebg-preview.png\",\"contentUrl\":\"https:\/\/www.pcte.it\/wp-content\/uploads\/2025\/02\/PCTE_logo_verde-removebg-preview.png\",\"width\":181,\"height\":48,\"caption\":\"PCT Europe\"},\"image\":{\"@id\":\"https:\/\/www.pcte.it\/#\/schema\/logo\/image\/\"}}]}<\/script>\n<!-- \/ Yoast SEO plugin. -->","yoast_head_json":{"title":"Zap-Ox\u00ae - PCT Europe","robots":{"index":"index","follow":"follow","max-snippet":"max-snippet:-1","max-image-preview":"max-image-preview:large","max-video-preview":"max-video-preview:-1"},"canonical":"https:\/\/www.pcte.it\/es\/producto\/zap-ox\/","og_locale":"es_ES","og_type":"article","og_title":"Zap-Ox\u00ae - PCT Europe","og_description":"Zap-Ox\u00ae offre una capacit\u00e0 di rimozione delle macchie senza pari. Non esiste altro detergente in grado di rimuovere ruggine, ossidazioni, accumuli, scolorimento delle saldature, macchie di gas generate dai polimeri, macchie di calcare, alterazioni sulle superfici metalliche come Zap-Ox\u00ae. Basta applicare un sottile strato di detergente sulla superficie macchiata, Zap-Ox\u00ae agisce e rimuove la macchia...","og_url":"https:\/\/www.pcte.it\/es\/producto\/zap-ox\/","og_site_name":"PCT Europe","article_modified_time":"2026-01-29T09:46:46+00:00","og_image":[{"width":600,"height":600,"url":"https:\/\/www.pcte.it\/wp-content\/uploads\/2026\/01\/zap-ox.png","type":"image\/png"}],"twitter_card":"summary_large_image","twitter_misc":{"Tiempo de lectura":"1 minuto"},"schema":{"@context":"https:\/\/schema.org","@graph":[{"@type":"WebPage","@id":"https:\/\/www.pcte.it\/prodotto\/zap-ox\/","url":"https:\/\/www.pcte.it\/prodotto\/zap-ox\/","name":"Zap-Ox\u00ae - PCT Europe","isPartOf":{"@id":"https:\/\/www.pcte.it\/#website"},"primaryImageOfPage":{"@id":"https:\/\/www.pcte.it\/prodotto\/zap-ox\/#primaryimage"},"image":{"@id":"https:\/\/www.pcte.it\/prodotto\/zap-ox\/#primaryimage"},"thumbnailUrl":"https:\/\/www.pcte.it\/wp-content\/uploads\/2026\/01\/zap-ox.png","datePublished":"2026-01-23T08:36:38+00:00","dateModified":"2026-01-29T09:46:46+00:00","breadcrumb":{"@id":"https:\/\/www.pcte.it\/prodotto\/zap-ox\/#breadcrumb"},"inLanguage":"es","potentialAction":[{"@type":"ReadAction","target":["https:\/\/www.pcte.it\/prodotto\/zap-ox\/"]}]},{"@type":"ImageObject","inLanguage":"es","@id":"https:\/\/www.pcte.it\/prodotto\/zap-ox\/#primaryimage","url":"https:\/\/www.pcte.it\/wp-content\/uploads\/2026\/01\/zap-ox.png","contentUrl":"https:\/\/www.pcte.it\/wp-content\/uploads\/2026\/01\/zap-ox.png","width":600,"height":600},{"@type":"BreadcrumbList","@id":"https:\/\/www.pcte.it\/prodotto\/zap-ox\/#breadcrumb","itemListElement":[{"@type":"ListItem","position":1,"name":"Home","item":"https:\/\/www.pcte.it\/"},{"@type":"ListItem","position":2,"name":"Catalogo prodotti","item":"https:\/\/www.pcte.it\/catalogo\/"},{"@type":"ListItem","position":3,"name":"Zap-Ox\u00ae"}]},{"@type":"WebSite","@id":"https:\/\/www.pcte.it\/#website","url":"https:\/\/www.pcte.it\/","name":"PCT Europe","description":"Polymer Cleaning technology","publisher":{"@id":"https:\/\/www.pcte.it\/#organization"},"potentialAction":[{"@type":"SearchAction","target":{"@type":"EntryPoint","urlTemplate":"https:\/\/www.pcte.it\/?s={search_term_string}"},"query-input":{"@type":"PropertyValueSpecification","valueRequired":true,"valueName":"search_term_string"}}],"inLanguage":"es"},{"@type":"Organization","@id":"https:\/\/www.pcte.it\/#organization","name":"PCT Europe","url":"https:\/\/www.pcte.it\/","logo":{"@type":"ImageObject","inLanguage":"es","@id":"https:\/\/www.pcte.it\/#\/schema\/logo\/image\/","url":"https:\/\/www.pcte.it\/wp-content\/uploads\/2025\/02\/PCTE_logo_verde-removebg-preview.png","contentUrl":"https:\/\/www.pcte.it\/wp-content\/uploads\/2025\/02\/PCTE_logo_verde-removebg-preview.png","width":181,"height":48,"caption":"PCT Europe"},"image":{"@id":"https:\/\/www.pcte.it\/#\/schema\/logo\/image\/"}}]}},"_links":{"self":[{"href":"https:\/\/www.pcte.it\/es\/wp-json\/wp\/v2\/product\/988969","targetHints":{"allow":["GET"]}}],"collection":[{"href":"https:\/\/www.pcte.it\/es\/wp-json\/wp\/v2\/product"}],"about":[{"href":"https:\/\/www.pcte.it\/es\/wp-json\/wp\/v2\/types\/product"}],"replies":[{"embeddable":true,"href":"https:\/\/www.pcte.it\/es\/wp-json\/wp\/v2\/comments?post=988969"}],"wp:featuredmedia":[{"embeddable":true,"href":"https:\/\/www.pcte.it\/es\/wp-json\/wp\/v2\/media\/989173"}],"wp:attachment":[{"href":"https:\/\/www.pcte.it\/es\/wp-json\/wp\/v2\/media?parent=988969"}],"wp:term":[{"taxonomy":"product_brand","embeddable":true,"href":"https:\/\/www.pcte.it\/es\/wp-json\/wp\/v2\/product_brand?post=988969"},{"taxonomy":"product_cat","embeddable":true,"href":"https:\/\/www.pcte.it\/es\/wp-json\/wp\/v2\/product_cat?post=988969"},{"taxonomy":"product_tag","embeddable":true,"href":"https:\/\/www.pcte.it\/es\/wp-json\/wp\/v2\/product_tag?post=988969"}],"curies":[{"name":"wp","href":"https:\/\/api.w.org\/{rel}","templated":true}]}}