{"id":988978,"date":"2026-01-23T10:07:55","date_gmt":"2026-01-23T09:07:55","guid":{"rendered":"https:\/\/www.pcte.it\/?post_type=product&#038;p=988978"},"modified":"2026-01-29T10:28:23","modified_gmt":"2026-01-29T09:28:23","slug":"safe-t-guard","status":"publish","type":"product","link":"https:\/\/www.pcte.it\/es\/producto\/safe-t-guard\/","title":{"rendered":"Safe-T-Guard\u2122"},"content":{"rendered":"<div class=\"vgblk-rw-wrapper limit-wrapper\">Elimina la humedad y evita que la corrosi\u00f3n penetre en el molde.<\/p>\n<p>Es un aut\u00e9ntico protector contra el \u00f3xido seco, que se seca inmediatamente y evita el goteo de aceite.<\/p>\n<p>Se adhiere perfectamente a las paredes, creando una pel\u00edcula protectora seca, fina pero potente, repelente al agua que no degrada la grasa ni otros lubricantes presentes en la superficie.<\/p>\n<p>Tambi\u00e9n act\u00faa como un excelente lubricante para las piezas m\u00f3viles del molde y cuenta con la certificaci\u00f3n NSF H1 para aplicaciones de grado alimenticio y m\u00e9dico.<\/p>\n<p>Ideal para proteger superficies con acabado pulido espejo, ya que es autolimpiante y no requiere extracci\u00f3n manual. Safe-T-Guard est\u00e1 dise\u00f1ado para la protecci\u00f3n contra el \u00f3xido en interiores y no es apto para transportarlo durante varios d\u00edas.<\/p>\n<p>Tambi\u00e9n es ideal para proteger herramientas de corte (mandriles, cortadores, alicates, brocas, cuchillas) de la corrosi\u00f3n, el polvo y diversos contaminantes.<\/p><\/div>\n<p><!-- .vgblk-rw-wrapper --><\/p>","protected":false},"excerpt":{"rendered":"<p>Elimina l\u2019umidit\u00e0 e impedisce alla corrosione di penetrare nello stampo. \u00c8 un autentico antiruggine secco, si asciuga immediatamente evitando gocciolamenti oleosi. Aderisce perfettamente alle pareti creando un sottilissimo ma potente film protettivo idrorepellente secco che non degrada il grasso e gli altri lubrificanti gi\u00e0 presenti sulla superficie. Funziona anche come un eccellente lubrificante per le&#8230;<\/p>","protected":false},"featured_media":989152,"comment_status":"open","ping_status":"closed","template":"","meta":{"_acf_changed":false},"product_brand":[],"product_cat":[63],"product_tag":[],"class_list":{"0":"post-988978","1":"product","2":"type-product","3":"status-publish","4":"has-post-thumbnail","6":"product_cat-protettori-antiruggine","8":"first","9":"instock","10":"shipping-taxable","11":"product-type-simple"},"acf":[],"yoast_head":"<!-- This site is optimized with the Yoast SEO plugin v27.0 - https:\/\/yoast.com\/product\/yoast-seo-wordpress\/ -->\n<title>Safe-T-Guard\u2122 - PCT Europe<\/title>\n<meta name=\"robots\" content=\"index, follow, max-snippet:-1, max-image-preview:large, max-video-preview:-1\" \/>\n<link rel=\"canonical\" href=\"https:\/\/www.pcte.it\/es\/producto\/safe-t-guard\/\" \/>\n<meta property=\"og:locale\" content=\"es_ES\" \/>\n<meta property=\"og:type\" content=\"article\" \/>\n<meta property=\"og:title\" content=\"Safe-T-Guard\u2122 - PCT Europe\" \/>\n<meta property=\"og:description\" content=\"Elimina l\u2019umidit\u00e0 e impedisce alla corrosione di penetrare nello stampo. \u00c8 un autentico antiruggine secco, si asciuga immediatamente evitando gocciolamenti oleosi. Aderisce perfettamente alle pareti creando un sottilissimo ma potente film protettivo idrorepellente secco che non degrada il grasso e gli altri lubrificanti gi\u00e0 presenti sulla superficie. Funziona anche come un eccellente lubrificante per le...\" \/>\n<meta property=\"og:url\" content=\"https:\/\/www.pcte.it\/es\/producto\/safe-t-guard\/\" \/>\n<meta property=\"og:site_name\" content=\"PCT Europe\" \/>\n<meta property=\"article:modified_time\" content=\"2026-01-29T09:28:23+00:00\" \/>\n<meta property=\"og:image\" content=\"https:\/\/www.pcte.it\/wp-content\/uploads\/2026\/01\/safetguard.png\" \/>\n\t<meta property=\"og:image:width\" content=\"600\" \/>\n\t<meta property=\"og:image:height\" content=\"600\" \/>\n\t<meta property=\"og:image:type\" content=\"image\/png\" \/>\n<meta name=\"twitter:card\" content=\"summary_large_image\" \/>\n<meta name=\"twitter:label1\" content=\"Tiempo de lectura\" \/>\n\t<meta name=\"twitter:data1\" content=\"1 minuto\" \/>\n<script type=\"application\/ld+json\" class=\"yoast-schema-graph\">{\"@context\":\"https:\/\/schema.org\",\"@graph\":[{\"@type\":\"WebPage\",\"@id\":\"https:\/\/www.pcte.it\/prodotto\/safe-t-guard\/\",\"url\":\"https:\/\/www.pcte.it\/prodotto\/safe-t-guard\/\",\"name\":\"Safe-T-Guard\u2122 - PCT Europe\",\"isPartOf\":{\"@id\":\"https:\/\/www.pcte.it\/#website\"},\"primaryImageOfPage\":{\"@id\":\"https:\/\/www.pcte.it\/prodotto\/safe-t-guard\/#primaryimage\"},\"image\":{\"@id\":\"https:\/\/www.pcte.it\/prodotto\/safe-t-guard\/#primaryimage\"},\"thumbnailUrl\":\"https:\/\/www.pcte.it\/wp-content\/uploads\/2026\/01\/safetguard.png\",\"datePublished\":\"2026-01-23T09:07:55+00:00\",\"dateModified\":\"2026-01-29T09:28:23+00:00\",\"breadcrumb\":{\"@id\":\"https:\/\/www.pcte.it\/prodotto\/safe-t-guard\/#breadcrumb\"},\"inLanguage\":\"es\",\"potentialAction\":[{\"@type\":\"ReadAction\",\"target\":[\"https:\/\/www.pcte.it\/prodotto\/safe-t-guard\/\"]}]},{\"@type\":\"ImageObject\",\"inLanguage\":\"es\",\"@id\":\"https:\/\/www.pcte.it\/prodotto\/safe-t-guard\/#primaryimage\",\"url\":\"https:\/\/www.pcte.it\/wp-content\/uploads\/2026\/01\/safetguard.png\",\"contentUrl\":\"https:\/\/www.pcte.it\/wp-content\/uploads\/2026\/01\/safetguard.png\",\"width\":600,\"height\":600},{\"@type\":\"BreadcrumbList\",\"@id\":\"https:\/\/www.pcte.it\/prodotto\/safe-t-guard\/#breadcrumb\",\"itemListElement\":[{\"@type\":\"ListItem\",\"position\":1,\"name\":\"Home\",\"item\":\"https:\/\/www.pcte.it\/\"},{\"@type\":\"ListItem\",\"position\":2,\"name\":\"Catalogo prodotti\",\"item\":\"https:\/\/www.pcte.it\/catalogo\/\"},{\"@type\":\"ListItem\",\"position\":3,\"name\":\"Safe-T-Guard\u2122\"}]},{\"@type\":\"WebSite\",\"@id\":\"https:\/\/www.pcte.it\/#website\",\"url\":\"https:\/\/www.pcte.it\/\",\"name\":\"PCT Europe\",\"description\":\"Polymer Cleaning technology\",\"publisher\":{\"@id\":\"https:\/\/www.pcte.it\/#organization\"},\"potentialAction\":[{\"@type\":\"SearchAction\",\"target\":{\"@type\":\"EntryPoint\",\"urlTemplate\":\"https:\/\/www.pcte.it\/?s={search_term_string}\"},\"query-input\":{\"@type\":\"PropertyValueSpecification\",\"valueRequired\":true,\"valueName\":\"search_term_string\"}}],\"inLanguage\":\"es\"},{\"@type\":\"Organization\",\"@id\":\"https:\/\/www.pcte.it\/#organization\",\"name\":\"PCT Europe\",\"url\":\"https:\/\/www.pcte.it\/\",\"logo\":{\"@type\":\"ImageObject\",\"inLanguage\":\"es\",\"@id\":\"https:\/\/www.pcte.it\/#\/schema\/logo\/image\/\",\"url\":\"https:\/\/www.pcte.it\/wp-content\/uploads\/2025\/02\/PCTE_logo_verde-removebg-preview.png\",\"contentUrl\":\"https:\/\/www.pcte.it\/wp-content\/uploads\/2025\/02\/PCTE_logo_verde-removebg-preview.png\",\"width\":181,\"height\":48,\"caption\":\"PCT Europe\"},\"image\":{\"@id\":\"https:\/\/www.pcte.it\/#\/schema\/logo\/image\/\"}}]}<\/script>\n<!-- \/ Yoast SEO plugin. -->","yoast_head_json":{"title":"Safe-T-Guard\u2122 - PCT Europe","robots":{"index":"index","follow":"follow","max-snippet":"max-snippet:-1","max-image-preview":"max-image-preview:large","max-video-preview":"max-video-preview:-1"},"canonical":"https:\/\/www.pcte.it\/es\/producto\/safe-t-guard\/","og_locale":"es_ES","og_type":"article","og_title":"Safe-T-Guard\u2122 - PCT Europe","og_description":"Elimina l\u2019umidit\u00e0 e impedisce alla corrosione di penetrare nello stampo. \u00c8 un autentico antiruggine secco, si asciuga immediatamente evitando gocciolamenti oleosi. Aderisce perfettamente alle pareti creando un sottilissimo ma potente film protettivo idrorepellente secco che non degrada il grasso e gli altri lubrificanti gi\u00e0 presenti sulla superficie. Funziona anche come un eccellente lubrificante per le...","og_url":"https:\/\/www.pcte.it\/es\/producto\/safe-t-guard\/","og_site_name":"PCT Europe","article_modified_time":"2026-01-29T09:28:23+00:00","og_image":[{"width":600,"height":600,"url":"https:\/\/www.pcte.it\/wp-content\/uploads\/2026\/01\/safetguard.png","type":"image\/png"}],"twitter_card":"summary_large_image","twitter_misc":{"Tiempo de lectura":"1 minuto"},"schema":{"@context":"https:\/\/schema.org","@graph":[{"@type":"WebPage","@id":"https:\/\/www.pcte.it\/prodotto\/safe-t-guard\/","url":"https:\/\/www.pcte.it\/prodotto\/safe-t-guard\/","name":"Safe-T-Guard\u2122 - PCT Europe","isPartOf":{"@id":"https:\/\/www.pcte.it\/#website"},"primaryImageOfPage":{"@id":"https:\/\/www.pcte.it\/prodotto\/safe-t-guard\/#primaryimage"},"image":{"@id":"https:\/\/www.pcte.it\/prodotto\/safe-t-guard\/#primaryimage"},"thumbnailUrl":"https:\/\/www.pcte.it\/wp-content\/uploads\/2026\/01\/safetguard.png","datePublished":"2026-01-23T09:07:55+00:00","dateModified":"2026-01-29T09:28:23+00:00","breadcrumb":{"@id":"https:\/\/www.pcte.it\/prodotto\/safe-t-guard\/#breadcrumb"},"inLanguage":"es","potentialAction":[{"@type":"ReadAction","target":["https:\/\/www.pcte.it\/prodotto\/safe-t-guard\/"]}]},{"@type":"ImageObject","inLanguage":"es","@id":"https:\/\/www.pcte.it\/prodotto\/safe-t-guard\/#primaryimage","url":"https:\/\/www.pcte.it\/wp-content\/uploads\/2026\/01\/safetguard.png","contentUrl":"https:\/\/www.pcte.it\/wp-content\/uploads\/2026\/01\/safetguard.png","width":600,"height":600},{"@type":"BreadcrumbList","@id":"https:\/\/www.pcte.it\/prodotto\/safe-t-guard\/#breadcrumb","itemListElement":[{"@type":"ListItem","position":1,"name":"Home","item":"https:\/\/www.pcte.it\/"},{"@type":"ListItem","position":2,"name":"Catalogo prodotti","item":"https:\/\/www.pcte.it\/catalogo\/"},{"@type":"ListItem","position":3,"name":"Safe-T-Guard\u2122"}]},{"@type":"WebSite","@id":"https:\/\/www.pcte.it\/#website","url":"https:\/\/www.pcte.it\/","name":"PCT Europe","description":"Polymer Cleaning technology","publisher":{"@id":"https:\/\/www.pcte.it\/#organization"},"potentialAction":[{"@type":"SearchAction","target":{"@type":"EntryPoint","urlTemplate":"https:\/\/www.pcte.it\/?s={search_term_string}"},"query-input":{"@type":"PropertyValueSpecification","valueRequired":true,"valueName":"search_term_string"}}],"inLanguage":"es"},{"@type":"Organization","@id":"https:\/\/www.pcte.it\/#organization","name":"PCT Europe","url":"https:\/\/www.pcte.it\/","logo":{"@type":"ImageObject","inLanguage":"es","@id":"https:\/\/www.pcte.it\/#\/schema\/logo\/image\/","url":"https:\/\/www.pcte.it\/wp-content\/uploads\/2025\/02\/PCTE_logo_verde-removebg-preview.png","contentUrl":"https:\/\/www.pcte.it\/wp-content\/uploads\/2025\/02\/PCTE_logo_verde-removebg-preview.png","width":181,"height":48,"caption":"PCT Europe"},"image":{"@id":"https:\/\/www.pcte.it\/#\/schema\/logo\/image\/"}}]}},"_links":{"self":[{"href":"https:\/\/www.pcte.it\/es\/wp-json\/wp\/v2\/product\/988978","targetHints":{"allow":["GET"]}}],"collection":[{"href":"https:\/\/www.pcte.it\/es\/wp-json\/wp\/v2\/product"}],"about":[{"href":"https:\/\/www.pcte.it\/es\/wp-json\/wp\/v2\/types\/product"}],"replies":[{"embeddable":true,"href":"https:\/\/www.pcte.it\/es\/wp-json\/wp\/v2\/comments?post=988978"}],"wp:featuredmedia":[{"embeddable":true,"href":"https:\/\/www.pcte.it\/es\/wp-json\/wp\/v2\/media\/989152"}],"wp:attachment":[{"href":"https:\/\/www.pcte.it\/es\/wp-json\/wp\/v2\/media?parent=988978"}],"wp:term":[{"taxonomy":"product_brand","embeddable":true,"href":"https:\/\/www.pcte.it\/es\/wp-json\/wp\/v2\/product_brand?post=988978"},{"taxonomy":"product_cat","embeddable":true,"href":"https:\/\/www.pcte.it\/es\/wp-json\/wp\/v2\/product_cat?post=988978"},{"taxonomy":"product_tag","embeddable":true,"href":"https:\/\/www.pcte.it\/es\/wp-json\/wp\/v2\/product_tag?post=988978"}],"curies":[{"name":"wp","href":"https:\/\/api.w.org\/{rel}","templated":true}]}}