{"id":988984,"date":"2026-01-23T10:15:14","date_gmt":"2026-01-23T09:15:14","guid":{"rendered":"https:\/\/www.pcte.it\/?post_type=product&#038;p=988984"},"modified":"2026-01-29T10:26:35","modified_gmt":"2026-01-29T09:26:35","slug":"the-defender","status":"publish","type":"product","link":"https:\/\/www.pcte.it\/es\/producto\/the-defender\/","title":{"rendered":"The Defender\u2122"},"content":{"rendered":"<div class=\"vgblk-rw-wrapper limit-wrapper\">Defender presenta una f\u00f3rmula semiseca con aditivos neutralizantes que proporciona protecci\u00f3n duradera contra la corrosi\u00f3n atmosf\u00e9rica y la corrosi\u00f3n \u00e1cida causada por los gases liberados por el PVC y otros materiales.<\/p>\n<p>Proporciona una protecci\u00f3n completa y duradera de hasta 3 a\u00f1os sin causar filtraciones en el molde.<\/p>\n<p>Contiene un tinte trazador verde que muestra d\u00f3nde se ha aplicado, lo que proporciona una prueba visual y garantiza que el molde est\u00e9 correctamente recubierto, evitando el exceso de recubrimiento.<\/p><\/div>\n<p><!-- .vgblk-rw-wrapper --><\/p>","protected":false},"excerpt":{"rendered":"<p>Defender presenta una formulazione semi-asciutta con additivi neutralizzanti che consente una protezione prolungata dalla corrosione atmosferica e dalla corrosione acida causata dai gas emessi dal PVC e altri materiali. Consente una protezione completa e duratura fino a 3 anni senza causare trasudamenti nello stampo. Contiene un colorante tracciante verde che mostra dove \u00e8 stato applicato,&#8230;<\/p>","protected":false},"featured_media":989150,"comment_status":"open","ping_status":"closed","template":"","meta":{"_acf_changed":false},"product_brand":[],"product_cat":[63],"product_tag":[],"class_list":{"0":"post-988984","1":"product","2":"type-product","3":"status-publish","4":"has-post-thumbnail","6":"product_cat-protettori-antiruggine","8":"first","9":"instock","10":"shipping-taxable","11":"product-type-simple"},"acf":[],"yoast_head":"<!-- This site is optimized with the Yoast SEO plugin v27.0 - https:\/\/yoast.com\/product\/yoast-seo-wordpress\/ -->\n<title>The Defender\u2122 - PCT Europe<\/title>\n<meta name=\"robots\" content=\"index, follow, max-snippet:-1, max-image-preview:large, max-video-preview:-1\" \/>\n<link rel=\"canonical\" href=\"https:\/\/www.pcte.it\/es\/producto\/the-defender\/\" \/>\n<meta property=\"og:locale\" content=\"es_ES\" \/>\n<meta property=\"og:type\" content=\"article\" \/>\n<meta property=\"og:title\" content=\"The Defender\u2122 - PCT Europe\" \/>\n<meta property=\"og:description\" content=\"Defender presenta una formulazione semi-asciutta con additivi neutralizzanti che consente una protezione prolungata dalla corrosione atmosferica e dalla corrosione acida causata dai gas emessi dal PVC e altri materiali. Consente una protezione completa e duratura fino a 3 anni senza causare trasudamenti nello stampo. Contiene un colorante tracciante verde che mostra dove \u00e8 stato applicato,...\" \/>\n<meta property=\"og:url\" content=\"https:\/\/www.pcte.it\/es\/producto\/the-defender\/\" \/>\n<meta property=\"og:site_name\" content=\"PCT Europe\" \/>\n<meta property=\"article:modified_time\" content=\"2026-01-29T09:26:35+00:00\" \/>\n<meta property=\"og:image\" content=\"https:\/\/www.pcte.it\/wp-content\/uploads\/2026\/01\/defender.png\" \/>\n\t<meta property=\"og:image:width\" content=\"600\" \/>\n\t<meta property=\"og:image:height\" content=\"600\" \/>\n\t<meta property=\"og:image:type\" content=\"image\/png\" \/>\n<meta name=\"twitter:card\" content=\"summary_large_image\" \/>\n<meta name=\"twitter:label1\" content=\"Tiempo de lectura\" \/>\n\t<meta name=\"twitter:data1\" content=\"1 minuto\" \/>\n<script type=\"application\/ld+json\" class=\"yoast-schema-graph\">{\"@context\":\"https:\/\/schema.org\",\"@graph\":[{\"@type\":\"WebPage\",\"@id\":\"https:\/\/www.pcte.it\/prodotto\/the-defender\/\",\"url\":\"https:\/\/www.pcte.it\/prodotto\/the-defender\/\",\"name\":\"The Defender\u2122 - PCT Europe\",\"isPartOf\":{\"@id\":\"https:\/\/www.pcte.it\/#website\"},\"primaryImageOfPage\":{\"@id\":\"https:\/\/www.pcte.it\/prodotto\/the-defender\/#primaryimage\"},\"image\":{\"@id\":\"https:\/\/www.pcte.it\/prodotto\/the-defender\/#primaryimage\"},\"thumbnailUrl\":\"https:\/\/www.pcte.it\/wp-content\/uploads\/2026\/01\/defender.png\",\"datePublished\":\"2026-01-23T09:15:14+00:00\",\"dateModified\":\"2026-01-29T09:26:35+00:00\",\"breadcrumb\":{\"@id\":\"https:\/\/www.pcte.it\/prodotto\/the-defender\/#breadcrumb\"},\"inLanguage\":\"es\",\"potentialAction\":[{\"@type\":\"ReadAction\",\"target\":[\"https:\/\/www.pcte.it\/prodotto\/the-defender\/\"]}]},{\"@type\":\"ImageObject\",\"inLanguage\":\"es\",\"@id\":\"https:\/\/www.pcte.it\/prodotto\/the-defender\/#primaryimage\",\"url\":\"https:\/\/www.pcte.it\/wp-content\/uploads\/2026\/01\/defender.png\",\"contentUrl\":\"https:\/\/www.pcte.it\/wp-content\/uploads\/2026\/01\/defender.png\",\"width\":600,\"height\":600},{\"@type\":\"BreadcrumbList\",\"@id\":\"https:\/\/www.pcte.it\/prodotto\/the-defender\/#breadcrumb\",\"itemListElement\":[{\"@type\":\"ListItem\",\"position\":1,\"name\":\"Home\",\"item\":\"https:\/\/www.pcte.it\/\"},{\"@type\":\"ListItem\",\"position\":2,\"name\":\"Catalogo prodotti\",\"item\":\"https:\/\/www.pcte.it\/catalogo\/\"},{\"@type\":\"ListItem\",\"position\":3,\"name\":\"The Defender\u2122\"}]},{\"@type\":\"WebSite\",\"@id\":\"https:\/\/www.pcte.it\/#website\",\"url\":\"https:\/\/www.pcte.it\/\",\"name\":\"PCT Europe\",\"description\":\"Polymer Cleaning technology\",\"publisher\":{\"@id\":\"https:\/\/www.pcte.it\/#organization\"},\"potentialAction\":[{\"@type\":\"SearchAction\",\"target\":{\"@type\":\"EntryPoint\",\"urlTemplate\":\"https:\/\/www.pcte.it\/?s={search_term_string}\"},\"query-input\":{\"@type\":\"PropertyValueSpecification\",\"valueRequired\":true,\"valueName\":\"search_term_string\"}}],\"inLanguage\":\"es\"},{\"@type\":\"Organization\",\"@id\":\"https:\/\/www.pcte.it\/#organization\",\"name\":\"PCT Europe\",\"url\":\"https:\/\/www.pcte.it\/\",\"logo\":{\"@type\":\"ImageObject\",\"inLanguage\":\"es\",\"@id\":\"https:\/\/www.pcte.it\/#\/schema\/logo\/image\/\",\"url\":\"https:\/\/www.pcte.it\/wp-content\/uploads\/2025\/02\/PCTE_logo_verde-removebg-preview.png\",\"contentUrl\":\"https:\/\/www.pcte.it\/wp-content\/uploads\/2025\/02\/PCTE_logo_verde-removebg-preview.png\",\"width\":181,\"height\":48,\"caption\":\"PCT Europe\"},\"image\":{\"@id\":\"https:\/\/www.pcte.it\/#\/schema\/logo\/image\/\"}}]}<\/script>\n<!-- \/ Yoast SEO plugin. -->","yoast_head_json":{"title":"The Defender\u2122 - PCT Europe","robots":{"index":"index","follow":"follow","max-snippet":"max-snippet:-1","max-image-preview":"max-image-preview:large","max-video-preview":"max-video-preview:-1"},"canonical":"https:\/\/www.pcte.it\/es\/producto\/the-defender\/","og_locale":"es_ES","og_type":"article","og_title":"The Defender\u2122 - PCT Europe","og_description":"Defender presenta una formulazione semi-asciutta con additivi neutralizzanti che consente una protezione prolungata dalla corrosione atmosferica e dalla corrosione acida causata dai gas emessi dal PVC e altri materiali. Consente una protezione completa e duratura fino a 3 anni senza causare trasudamenti nello stampo. Contiene un colorante tracciante verde che mostra dove \u00e8 stato applicato,...","og_url":"https:\/\/www.pcte.it\/es\/producto\/the-defender\/","og_site_name":"PCT Europe","article_modified_time":"2026-01-29T09:26:35+00:00","og_image":[{"width":600,"height":600,"url":"https:\/\/www.pcte.it\/wp-content\/uploads\/2026\/01\/defender.png","type":"image\/png"}],"twitter_card":"summary_large_image","twitter_misc":{"Tiempo de lectura":"1 minuto"},"schema":{"@context":"https:\/\/schema.org","@graph":[{"@type":"WebPage","@id":"https:\/\/www.pcte.it\/prodotto\/the-defender\/","url":"https:\/\/www.pcte.it\/prodotto\/the-defender\/","name":"The Defender\u2122 - PCT Europe","isPartOf":{"@id":"https:\/\/www.pcte.it\/#website"},"primaryImageOfPage":{"@id":"https:\/\/www.pcte.it\/prodotto\/the-defender\/#primaryimage"},"image":{"@id":"https:\/\/www.pcte.it\/prodotto\/the-defender\/#primaryimage"},"thumbnailUrl":"https:\/\/www.pcte.it\/wp-content\/uploads\/2026\/01\/defender.png","datePublished":"2026-01-23T09:15:14+00:00","dateModified":"2026-01-29T09:26:35+00:00","breadcrumb":{"@id":"https:\/\/www.pcte.it\/prodotto\/the-defender\/#breadcrumb"},"inLanguage":"es","potentialAction":[{"@type":"ReadAction","target":["https:\/\/www.pcte.it\/prodotto\/the-defender\/"]}]},{"@type":"ImageObject","inLanguage":"es","@id":"https:\/\/www.pcte.it\/prodotto\/the-defender\/#primaryimage","url":"https:\/\/www.pcte.it\/wp-content\/uploads\/2026\/01\/defender.png","contentUrl":"https:\/\/www.pcte.it\/wp-content\/uploads\/2026\/01\/defender.png","width":600,"height":600},{"@type":"BreadcrumbList","@id":"https:\/\/www.pcte.it\/prodotto\/the-defender\/#breadcrumb","itemListElement":[{"@type":"ListItem","position":1,"name":"Home","item":"https:\/\/www.pcte.it\/"},{"@type":"ListItem","position":2,"name":"Catalogo prodotti","item":"https:\/\/www.pcte.it\/catalogo\/"},{"@type":"ListItem","position":3,"name":"The Defender\u2122"}]},{"@type":"WebSite","@id":"https:\/\/www.pcte.it\/#website","url":"https:\/\/www.pcte.it\/","name":"PCT Europe","description":"Polymer Cleaning technology","publisher":{"@id":"https:\/\/www.pcte.it\/#organization"},"potentialAction":[{"@type":"SearchAction","target":{"@type":"EntryPoint","urlTemplate":"https:\/\/www.pcte.it\/?s={search_term_string}"},"query-input":{"@type":"PropertyValueSpecification","valueRequired":true,"valueName":"search_term_string"}}],"inLanguage":"es"},{"@type":"Organization","@id":"https:\/\/www.pcte.it\/#organization","name":"PCT Europe","url":"https:\/\/www.pcte.it\/","logo":{"@type":"ImageObject","inLanguage":"es","@id":"https:\/\/www.pcte.it\/#\/schema\/logo\/image\/","url":"https:\/\/www.pcte.it\/wp-content\/uploads\/2025\/02\/PCTE_logo_verde-removebg-preview.png","contentUrl":"https:\/\/www.pcte.it\/wp-content\/uploads\/2025\/02\/PCTE_logo_verde-removebg-preview.png","width":181,"height":48,"caption":"PCT Europe"},"image":{"@id":"https:\/\/www.pcte.it\/#\/schema\/logo\/image\/"}}]}},"_links":{"self":[{"href":"https:\/\/www.pcte.it\/es\/wp-json\/wp\/v2\/product\/988984","targetHints":{"allow":["GET"]}}],"collection":[{"href":"https:\/\/www.pcte.it\/es\/wp-json\/wp\/v2\/product"}],"about":[{"href":"https:\/\/www.pcte.it\/es\/wp-json\/wp\/v2\/types\/product"}],"replies":[{"embeddable":true,"href":"https:\/\/www.pcte.it\/es\/wp-json\/wp\/v2\/comments?post=988984"}],"wp:featuredmedia":[{"embeddable":true,"href":"https:\/\/www.pcte.it\/es\/wp-json\/wp\/v2\/media\/989150"}],"wp:attachment":[{"href":"https:\/\/www.pcte.it\/es\/wp-json\/wp\/v2\/media?parent=988984"}],"wp:term":[{"taxonomy":"product_brand","embeddable":true,"href":"https:\/\/www.pcte.it\/es\/wp-json\/wp\/v2\/product_brand?post=988984"},{"taxonomy":"product_cat","embeddable":true,"href":"https:\/\/www.pcte.it\/es\/wp-json\/wp\/v2\/product_cat?post=988984"},{"taxonomy":"product_tag","embeddable":true,"href":"https:\/\/www.pcte.it\/es\/wp-json\/wp\/v2\/product_tag?post=988984"}],"curies":[{"name":"wp","href":"https:\/\/api.w.org\/{rel}","templated":true}]}}