{"id":988999,"date":"2026-01-23T10:56:28","date_gmt":"2026-01-23T09:56:28","guid":{"rendered":"https:\/\/www.pcte.it\/?post_type=product&#038;p=988999"},"modified":"2026-01-29T10:14:44","modified_gmt":"2026-01-29T09:14:44","slug":"min-lube","status":"publish","type":"product","link":"https:\/\/www.pcte.it\/es\/producto\/min-lube\/","title":{"rendered":"Min-Lube\u2122"},"content":{"rendered":"<div class=\"vgblk-rw-wrapper limit-wrapper\">La grasa MIN-LUBE est\u00e1 dise\u00f1ada para la lubricaci\u00f3n en entornos hostiles y es apta para su uso en las industrias alimentaria y farmac\u00e9utica.<\/p>\n<p>Es una grasa a base de aceite mineral ISO100, espesada con un complejo patentado de sulfonato de calcio y un paquete de aditivos cuidadosamente seleccionados, enfocado en la estabilidad t\u00e9rmica, oxidativa y mec\u00e1nica.<\/p>\n<p>Contiene Micronox\u00ae para brindar protecci\u00f3n antimicrobiana, una tecnolog\u00eda innovadora que previene la degradaci\u00f3n del lubricante. Incluye un aditivo de presi\u00f3n nanoorg\u00e1nico para protecci\u00f3n contra el desgaste, que mejora la uniformidad de la grasa y minimiza la posibilidad de resequedad. MIN-LUBE crea una capa que protege los componentes met\u00e1licos de una manera \u00fanica e inigualable.<\/p>\n<p>Durante la presi\u00f3n intensa, los aditivos nanoorg\u00e1nicos pulen la estructura de acero, creando una superficie m\u00e1s suave y lisa. Este proceso ocurre completamente qu\u00edmicamente dentro de la grasa y no genera part\u00edculas durante el proceso.<\/p>\n<p>Extensas pruebas de corrosi\u00f3n, incluyendo una rigurosa prueba de niebla salina, demuestran que MIN-LUBE tambi\u00e9n protege contra la oxidaci\u00f3n y la corrosi\u00f3n a un nivel inigualable por otras grasas de grado alimenticio.<\/p>\n<p>La ficha t\u00e9cnica de Min-Lube demuestra su versatilidad y extraordinario rendimiento mediante m\u00e1s pruebas de las que la competencia puede enumerar. Min-Lube es un producto integral y la grasa multiusos ideal para tener a mano en lugar de comprar y almacenar diferentes tipos de grasas para usos espec\u00edficos.<\/p><\/div>\n<p><!-- .vgblk-rw-wrapper --><\/p>","protected":false},"excerpt":{"rendered":"<p>Il grasso MIN-LUBE \u00e8 progettato per la lubrificazione in ambienti difficili e idoneo all\u2019uso nelle industrie alimentari e farmaceutiche. \u00c8 un grasso a base di olio minerale ISO100 addensato con un complesso brevettato di solfonato di calcio e un pacchetto di additivi accuratamente selezionati focalizzati su stabilit\u00e0 termica, ossidativa e meccanica. Contiene Micronox\u00ae per fornire&#8230;<\/p>","protected":false},"featured_media":989147,"comment_status":"open","ping_status":"closed","template":"","meta":{"_acf_changed":false},"product_brand":[],"product_cat":[65],"product_tag":[],"class_list":{"0":"post-988999","1":"product","2":"type-product","3":"status-publish","4":"has-post-thumbnail","6":"product_cat-lubrificanti","8":"first","9":"instock","10":"shipping-taxable","11":"product-type-simple"},"acf":[],"yoast_head":"<!-- This site is optimized with the Yoast SEO plugin v27.0 - https:\/\/yoast.com\/product\/yoast-seo-wordpress\/ -->\n<title>Min-Lube\u2122 - PCT Europe<\/title>\n<meta name=\"robots\" content=\"index, follow, max-snippet:-1, max-image-preview:large, max-video-preview:-1\" \/>\n<link rel=\"canonical\" href=\"https:\/\/www.pcte.it\/es\/producto\/min-lube\/\" \/>\n<meta property=\"og:locale\" content=\"es_ES\" \/>\n<meta property=\"og:type\" content=\"article\" \/>\n<meta property=\"og:title\" content=\"Min-Lube\u2122 - PCT Europe\" \/>\n<meta property=\"og:description\" content=\"Il grasso MIN-LUBE \u00e8 progettato per la lubrificazione in ambienti difficili e idoneo all\u2019uso nelle industrie alimentari e farmaceutiche. \u00c8 un grasso a base di olio minerale ISO100 addensato con un complesso brevettato di solfonato di calcio e un pacchetto di additivi accuratamente selezionati focalizzati su stabilit\u00e0 termica, ossidativa e meccanica. Contiene Micronox\u00ae per fornire...\" \/>\n<meta property=\"og:url\" content=\"https:\/\/www.pcte.it\/es\/producto\/min-lube\/\" \/>\n<meta property=\"og:site_name\" content=\"PCT Europe\" \/>\n<meta property=\"article:modified_time\" content=\"2026-01-29T09:14:44+00:00\" \/>\n<meta property=\"og:image\" content=\"https:\/\/www.pcte.it\/wp-content\/uploads\/2026\/01\/minlube.png\" \/>\n\t<meta property=\"og:image:width\" content=\"600\" \/>\n\t<meta property=\"og:image:height\" content=\"600\" \/>\n\t<meta property=\"og:image:type\" content=\"image\/png\" \/>\n<meta name=\"twitter:card\" content=\"summary_large_image\" \/>\n<meta name=\"twitter:label1\" content=\"Tiempo de lectura\" \/>\n\t<meta name=\"twitter:data1\" content=\"2 minutos\" \/>\n<script type=\"application\/ld+json\" class=\"yoast-schema-graph\">{\"@context\":\"https:\/\/schema.org\",\"@graph\":[{\"@type\":\"WebPage\",\"@id\":\"https:\/\/www.pcte.it\/prodotto\/min-lube\/\",\"url\":\"https:\/\/www.pcte.it\/prodotto\/min-lube\/\",\"name\":\"Min-Lube\u2122 - PCT Europe\",\"isPartOf\":{\"@id\":\"https:\/\/www.pcte.it\/#website\"},\"primaryImageOfPage\":{\"@id\":\"https:\/\/www.pcte.it\/prodotto\/min-lube\/#primaryimage\"},\"image\":{\"@id\":\"https:\/\/www.pcte.it\/prodotto\/min-lube\/#primaryimage\"},\"thumbnailUrl\":\"https:\/\/www.pcte.it\/wp-content\/uploads\/2026\/01\/minlube.png\",\"datePublished\":\"2026-01-23T09:56:28+00:00\",\"dateModified\":\"2026-01-29T09:14:44+00:00\",\"breadcrumb\":{\"@id\":\"https:\/\/www.pcte.it\/prodotto\/min-lube\/#breadcrumb\"},\"inLanguage\":\"es\",\"potentialAction\":[{\"@type\":\"ReadAction\",\"target\":[\"https:\/\/www.pcte.it\/prodotto\/min-lube\/\"]}]},{\"@type\":\"ImageObject\",\"inLanguage\":\"es\",\"@id\":\"https:\/\/www.pcte.it\/prodotto\/min-lube\/#primaryimage\",\"url\":\"https:\/\/www.pcte.it\/wp-content\/uploads\/2026\/01\/minlube.png\",\"contentUrl\":\"https:\/\/www.pcte.it\/wp-content\/uploads\/2026\/01\/minlube.png\",\"width\":600,\"height\":600},{\"@type\":\"BreadcrumbList\",\"@id\":\"https:\/\/www.pcte.it\/prodotto\/min-lube\/#breadcrumb\",\"itemListElement\":[{\"@type\":\"ListItem\",\"position\":1,\"name\":\"Home\",\"item\":\"https:\/\/www.pcte.it\/\"},{\"@type\":\"ListItem\",\"position\":2,\"name\":\"Catalogo prodotti\",\"item\":\"https:\/\/www.pcte.it\/catalogo\/\"},{\"@type\":\"ListItem\",\"position\":3,\"name\":\"Min-Lube\u2122\"}]},{\"@type\":\"WebSite\",\"@id\":\"https:\/\/www.pcte.it\/#website\",\"url\":\"https:\/\/www.pcte.it\/\",\"name\":\"PCT Europe\",\"description\":\"Polymer Cleaning technology\",\"publisher\":{\"@id\":\"https:\/\/www.pcte.it\/#organization\"},\"potentialAction\":[{\"@type\":\"SearchAction\",\"target\":{\"@type\":\"EntryPoint\",\"urlTemplate\":\"https:\/\/www.pcte.it\/?s={search_term_string}\"},\"query-input\":{\"@type\":\"PropertyValueSpecification\",\"valueRequired\":true,\"valueName\":\"search_term_string\"}}],\"inLanguage\":\"es\"},{\"@type\":\"Organization\",\"@id\":\"https:\/\/www.pcte.it\/#organization\",\"name\":\"PCT Europe\",\"url\":\"https:\/\/www.pcte.it\/\",\"logo\":{\"@type\":\"ImageObject\",\"inLanguage\":\"es\",\"@id\":\"https:\/\/www.pcte.it\/#\/schema\/logo\/image\/\",\"url\":\"https:\/\/www.pcte.it\/wp-content\/uploads\/2025\/02\/PCTE_logo_verde-removebg-preview.png\",\"contentUrl\":\"https:\/\/www.pcte.it\/wp-content\/uploads\/2025\/02\/PCTE_logo_verde-removebg-preview.png\",\"width\":181,\"height\":48,\"caption\":\"PCT Europe\"},\"image\":{\"@id\":\"https:\/\/www.pcte.it\/#\/schema\/logo\/image\/\"}}]}<\/script>\n<!-- \/ Yoast SEO plugin. -->","yoast_head_json":{"title":"Min-Lube\u2122 - PCT Europe","robots":{"index":"index","follow":"follow","max-snippet":"max-snippet:-1","max-image-preview":"max-image-preview:large","max-video-preview":"max-video-preview:-1"},"canonical":"https:\/\/www.pcte.it\/es\/producto\/min-lube\/","og_locale":"es_ES","og_type":"article","og_title":"Min-Lube\u2122 - PCT Europe","og_description":"Il grasso MIN-LUBE \u00e8 progettato per la lubrificazione in ambienti difficili e idoneo all\u2019uso nelle industrie alimentari e farmaceutiche. \u00c8 un grasso a base di olio minerale ISO100 addensato con un complesso brevettato di solfonato di calcio e un pacchetto di additivi accuratamente selezionati focalizzati su stabilit\u00e0 termica, ossidativa e meccanica. Contiene Micronox\u00ae per fornire...","og_url":"https:\/\/www.pcte.it\/es\/producto\/min-lube\/","og_site_name":"PCT Europe","article_modified_time":"2026-01-29T09:14:44+00:00","og_image":[{"width":600,"height":600,"url":"https:\/\/www.pcte.it\/wp-content\/uploads\/2026\/01\/minlube.png","type":"image\/png"}],"twitter_card":"summary_large_image","twitter_misc":{"Tiempo de lectura":"2 minutos"},"schema":{"@context":"https:\/\/schema.org","@graph":[{"@type":"WebPage","@id":"https:\/\/www.pcte.it\/prodotto\/min-lube\/","url":"https:\/\/www.pcte.it\/prodotto\/min-lube\/","name":"Min-Lube\u2122 - PCT Europe","isPartOf":{"@id":"https:\/\/www.pcte.it\/#website"},"primaryImageOfPage":{"@id":"https:\/\/www.pcte.it\/prodotto\/min-lube\/#primaryimage"},"image":{"@id":"https:\/\/www.pcte.it\/prodotto\/min-lube\/#primaryimage"},"thumbnailUrl":"https:\/\/www.pcte.it\/wp-content\/uploads\/2026\/01\/minlube.png","datePublished":"2026-01-23T09:56:28+00:00","dateModified":"2026-01-29T09:14:44+00:00","breadcrumb":{"@id":"https:\/\/www.pcte.it\/prodotto\/min-lube\/#breadcrumb"},"inLanguage":"es","potentialAction":[{"@type":"ReadAction","target":["https:\/\/www.pcte.it\/prodotto\/min-lube\/"]}]},{"@type":"ImageObject","inLanguage":"es","@id":"https:\/\/www.pcte.it\/prodotto\/min-lube\/#primaryimage","url":"https:\/\/www.pcte.it\/wp-content\/uploads\/2026\/01\/minlube.png","contentUrl":"https:\/\/www.pcte.it\/wp-content\/uploads\/2026\/01\/minlube.png","width":600,"height":600},{"@type":"BreadcrumbList","@id":"https:\/\/www.pcte.it\/prodotto\/min-lube\/#breadcrumb","itemListElement":[{"@type":"ListItem","position":1,"name":"Home","item":"https:\/\/www.pcte.it\/"},{"@type":"ListItem","position":2,"name":"Catalogo prodotti","item":"https:\/\/www.pcte.it\/catalogo\/"},{"@type":"ListItem","position":3,"name":"Min-Lube\u2122"}]},{"@type":"WebSite","@id":"https:\/\/www.pcte.it\/#website","url":"https:\/\/www.pcte.it\/","name":"PCT Europe","description":"Polymer Cleaning technology","publisher":{"@id":"https:\/\/www.pcte.it\/#organization"},"potentialAction":[{"@type":"SearchAction","target":{"@type":"EntryPoint","urlTemplate":"https:\/\/www.pcte.it\/?s={search_term_string}"},"query-input":{"@type":"PropertyValueSpecification","valueRequired":true,"valueName":"search_term_string"}}],"inLanguage":"es"},{"@type":"Organization","@id":"https:\/\/www.pcte.it\/#organization","name":"PCT Europe","url":"https:\/\/www.pcte.it\/","logo":{"@type":"ImageObject","inLanguage":"es","@id":"https:\/\/www.pcte.it\/#\/schema\/logo\/image\/","url":"https:\/\/www.pcte.it\/wp-content\/uploads\/2025\/02\/PCTE_logo_verde-removebg-preview.png","contentUrl":"https:\/\/www.pcte.it\/wp-content\/uploads\/2025\/02\/PCTE_logo_verde-removebg-preview.png","width":181,"height":48,"caption":"PCT Europe"},"image":{"@id":"https:\/\/www.pcte.it\/#\/schema\/logo\/image\/"}}]}},"_links":{"self":[{"href":"https:\/\/www.pcte.it\/es\/wp-json\/wp\/v2\/product\/988999","targetHints":{"allow":["GET"]}}],"collection":[{"href":"https:\/\/www.pcte.it\/es\/wp-json\/wp\/v2\/product"}],"about":[{"href":"https:\/\/www.pcte.it\/es\/wp-json\/wp\/v2\/types\/product"}],"replies":[{"embeddable":true,"href":"https:\/\/www.pcte.it\/es\/wp-json\/wp\/v2\/comments?post=988999"}],"wp:featuredmedia":[{"embeddable":true,"href":"https:\/\/www.pcte.it\/es\/wp-json\/wp\/v2\/media\/989147"}],"wp:attachment":[{"href":"https:\/\/www.pcte.it\/es\/wp-json\/wp\/v2\/media?parent=988999"}],"wp:term":[{"taxonomy":"product_brand","embeddable":true,"href":"https:\/\/www.pcte.it\/es\/wp-json\/wp\/v2\/product_brand?post=988999"},{"taxonomy":"product_cat","embeddable":true,"href":"https:\/\/www.pcte.it\/es\/wp-json\/wp\/v2\/product_cat?post=988999"},{"taxonomy":"product_tag","embeddable":true,"href":"https:\/\/www.pcte.it\/es\/wp-json\/wp\/v2\/product_tag?post=988999"}],"curies":[{"name":"wp","href":"https:\/\/api.w.org\/{rel}","templated":true}]}}