{"id":989006,"date":"2026-01-23T11:22:10","date_gmt":"2026-01-23T10:22:10","guid":{"rendered":"https:\/\/www.pcte.it\/?post_type=product&#038;p=989006"},"modified":"2026-01-29T09:40:43","modified_gmt":"2026-01-29T08:40:43","slug":"hcheat-cure-e-hcfheat-cure-fda","status":"publish","type":"product","link":"https:\/\/www.pcte.it\/es\/producto\/hcheat-cure-e-hcfheat-cure-fda\/","title":{"rendered":"HC\u2122 de Curado T\u00e9rmico y HCF\u2122 de Curado T\u00e9rmico FDA"},"content":{"rendered":"<div class=\"vgblk-rw-wrapper limit-wrapper\">Los recubrimientos HC y HCF est\u00e1n formulados para su aplicaci\u00f3n cuando el molde est\u00e1 fuera de la m\u00e1quina de moldeo por inyecci\u00f3n.<\/p>\n<p>El recubrimiento HCF cuenta con certificaci\u00f3n de la FDA y puede utilizarse en las industrias m\u00e9dica y alimentaria.<\/p><\/div>\n<p><!-- .vgblk-rw-wrapper --><\/p>","protected":false},"excerpt":{"rendered":"<p class=\"translation-block\">I rivestimenti HC e HCF sono formulati per essere applicati quando lo stampo \u00e8 all\u2019esterno della pressa di iniezione.<p><\/p>\r\n<p>Il rivestimento HCF possiede la certificazione FDA americana e pu\u00f2 essere utilizzato in ambiti medico e alimentare.<\/p><\/p>","protected":false},"featured_media":989160,"comment_status":"open","ping_status":"closed","template":"","meta":{"_acf_changed":false},"product_brand":[],"product_cat":[67],"product_tag":[],"class_list":{"0":"post-989006","1":"product","2":"type-product","3":"status-publish","4":"has-post-thumbnail","6":"product_cat-distaccanti-nano-mold-coating","8":"first","9":"instock","10":"shipping-taxable","11":"product-type-simple"},"acf":[],"yoast_head":"<!-- This site is optimized with the Yoast SEO plugin v27.0 - https:\/\/yoast.com\/product\/yoast-seo-wordpress\/ -->\n<title>HC\u2122Heat Cure e HCF\u2122Heat Cure FDA - PCT Europe<\/title>\n<meta name=\"robots\" content=\"index, follow, max-snippet:-1, max-image-preview:large, max-video-preview:-1\" \/>\n<link rel=\"canonical\" href=\"https:\/\/www.pcte.it\/es\/producto\/hcheat-cure-e-hcfheat-cure-fda\/\" \/>\n<meta property=\"og:locale\" content=\"es_ES\" \/>\n<meta property=\"og:type\" content=\"article\" \/>\n<meta property=\"og:title\" content=\"HC\u2122Heat Cure e HCF\u2122Heat Cure FDA - PCT Europe\" \/>\n<meta property=\"og:description\" content=\"I rivestimenti HC e HCF sono formulati per essere applicati quando lo stampo \u00e8 all&#8217;esterno della pressa di iniezione. Il rivestimento HCF possiede la certificazione FDA americana e pu\u00f2 essere utilizzato in ambiti medico e alimentare.\" \/>\n<meta property=\"og:url\" content=\"https:\/\/www.pcte.it\/es\/producto\/hcheat-cure-e-hcfheat-cure-fda\/\" \/>\n<meta property=\"og:site_name\" content=\"PCT Europe\" \/>\n<meta property=\"article:modified_time\" content=\"2026-01-29T08:40:43+00:00\" \/>\n<meta property=\"og:image\" content=\"https:\/\/www.pcte.it\/wp-content\/uploads\/2026\/01\/heat-cure.png\" \/>\n\t<meta property=\"og:image:width\" content=\"600\" \/>\n\t<meta property=\"og:image:height\" content=\"600\" \/>\n\t<meta property=\"og:image:type\" content=\"image\/png\" \/>\n<meta name=\"twitter:card\" content=\"summary_large_image\" \/>\n<meta name=\"twitter:label1\" content=\"Tiempo de lectura\" \/>\n\t<meta name=\"twitter:data1\" content=\"1 minuto\" \/>\n<script type=\"application\/ld+json\" class=\"yoast-schema-graph\">{\"@context\":\"https:\/\/schema.org\",\"@graph\":[{\"@type\":\"WebPage\",\"@id\":\"https:\/\/www.pcte.it\/prodotto\/hcheat-cure-e-hcfheat-cure-fda\/\",\"url\":\"https:\/\/www.pcte.it\/prodotto\/hcheat-cure-e-hcfheat-cure-fda\/\",\"name\":\"HC\u2122Heat Cure e HCF\u2122Heat Cure FDA - PCT Europe\",\"isPartOf\":{\"@id\":\"https:\/\/www.pcte.it\/#website\"},\"primaryImageOfPage\":{\"@id\":\"https:\/\/www.pcte.it\/prodotto\/hcheat-cure-e-hcfheat-cure-fda\/#primaryimage\"},\"image\":{\"@id\":\"https:\/\/www.pcte.it\/prodotto\/hcheat-cure-e-hcfheat-cure-fda\/#primaryimage\"},\"thumbnailUrl\":\"https:\/\/www.pcte.it\/wp-content\/uploads\/2026\/01\/heat-cure.png\",\"datePublished\":\"2026-01-23T10:22:10+00:00\",\"dateModified\":\"2026-01-29T08:40:43+00:00\",\"breadcrumb\":{\"@id\":\"https:\/\/www.pcte.it\/prodotto\/hcheat-cure-e-hcfheat-cure-fda\/#breadcrumb\"},\"inLanguage\":\"es\",\"potentialAction\":[{\"@type\":\"ReadAction\",\"target\":[\"https:\/\/www.pcte.it\/prodotto\/hcheat-cure-e-hcfheat-cure-fda\/\"]}]},{\"@type\":\"ImageObject\",\"inLanguage\":\"es\",\"@id\":\"https:\/\/www.pcte.it\/prodotto\/hcheat-cure-e-hcfheat-cure-fda\/#primaryimage\",\"url\":\"https:\/\/www.pcte.it\/wp-content\/uploads\/2026\/01\/heat-cure.png\",\"contentUrl\":\"https:\/\/www.pcte.it\/wp-content\/uploads\/2026\/01\/heat-cure.png\",\"width\":600,\"height\":600},{\"@type\":\"BreadcrumbList\",\"@id\":\"https:\/\/www.pcte.it\/prodotto\/hcheat-cure-e-hcfheat-cure-fda\/#breadcrumb\",\"itemListElement\":[{\"@type\":\"ListItem\",\"position\":1,\"name\":\"Home\",\"item\":\"https:\/\/www.pcte.it\/\"},{\"@type\":\"ListItem\",\"position\":2,\"name\":\"Catalogo prodotti\",\"item\":\"https:\/\/www.pcte.it\/catalogo\/\"},{\"@type\":\"ListItem\",\"position\":3,\"name\":\"HC\u2122Heat Cure e HCF\u2122Heat Cure FDA\"}]},{\"@type\":\"WebSite\",\"@id\":\"https:\/\/www.pcte.it\/#website\",\"url\":\"https:\/\/www.pcte.it\/\",\"name\":\"PCT Europe\",\"description\":\"Polymer Cleaning technology\",\"publisher\":{\"@id\":\"https:\/\/www.pcte.it\/#organization\"},\"potentialAction\":[{\"@type\":\"SearchAction\",\"target\":{\"@type\":\"EntryPoint\",\"urlTemplate\":\"https:\/\/www.pcte.it\/?s={search_term_string}\"},\"query-input\":{\"@type\":\"PropertyValueSpecification\",\"valueRequired\":true,\"valueName\":\"search_term_string\"}}],\"inLanguage\":\"es\"},{\"@type\":\"Organization\",\"@id\":\"https:\/\/www.pcte.it\/#organization\",\"name\":\"PCT Europe\",\"url\":\"https:\/\/www.pcte.it\/\",\"logo\":{\"@type\":\"ImageObject\",\"inLanguage\":\"es\",\"@id\":\"https:\/\/www.pcte.it\/#\/schema\/logo\/image\/\",\"url\":\"https:\/\/www.pcte.it\/wp-content\/uploads\/2025\/02\/PCTE_logo_verde-removebg-preview.png\",\"contentUrl\":\"https:\/\/www.pcte.it\/wp-content\/uploads\/2025\/02\/PCTE_logo_verde-removebg-preview.png\",\"width\":181,\"height\":48,\"caption\":\"PCT Europe\"},\"image\":{\"@id\":\"https:\/\/www.pcte.it\/#\/schema\/logo\/image\/\"}}]}<\/script>\n<!-- \/ Yoast SEO plugin. -->","yoast_head_json":{"title":"HC\u2122Heat Cure e HCF\u2122Heat Cure FDA - PCT Europe","robots":{"index":"index","follow":"follow","max-snippet":"max-snippet:-1","max-image-preview":"max-image-preview:large","max-video-preview":"max-video-preview:-1"},"canonical":"https:\/\/www.pcte.it\/es\/producto\/hcheat-cure-e-hcfheat-cure-fda\/","og_locale":"es_ES","og_type":"article","og_title":"HC\u2122Heat Cure e HCF\u2122Heat Cure FDA - PCT Europe","og_description":"I rivestimenti HC e HCF sono formulati per essere applicati quando lo stampo \u00e8 all&#8217;esterno della pressa di iniezione. Il rivestimento HCF possiede la certificazione FDA americana e pu\u00f2 essere utilizzato in ambiti medico e alimentare.","og_url":"https:\/\/www.pcte.it\/es\/producto\/hcheat-cure-e-hcfheat-cure-fda\/","og_site_name":"PCT Europe","article_modified_time":"2026-01-29T08:40:43+00:00","og_image":[{"width":600,"height":600,"url":"https:\/\/www.pcte.it\/wp-content\/uploads\/2026\/01\/heat-cure.png","type":"image\/png"}],"twitter_card":"summary_large_image","twitter_misc":{"Tiempo de lectura":"1 minuto"},"schema":{"@context":"https:\/\/schema.org","@graph":[{"@type":"WebPage","@id":"https:\/\/www.pcte.it\/prodotto\/hcheat-cure-e-hcfheat-cure-fda\/","url":"https:\/\/www.pcte.it\/prodotto\/hcheat-cure-e-hcfheat-cure-fda\/","name":"HC\u2122Heat Cure e HCF\u2122Heat Cure FDA - PCT Europe","isPartOf":{"@id":"https:\/\/www.pcte.it\/#website"},"primaryImageOfPage":{"@id":"https:\/\/www.pcte.it\/prodotto\/hcheat-cure-e-hcfheat-cure-fda\/#primaryimage"},"image":{"@id":"https:\/\/www.pcte.it\/prodotto\/hcheat-cure-e-hcfheat-cure-fda\/#primaryimage"},"thumbnailUrl":"https:\/\/www.pcte.it\/wp-content\/uploads\/2026\/01\/heat-cure.png","datePublished":"2026-01-23T10:22:10+00:00","dateModified":"2026-01-29T08:40:43+00:00","breadcrumb":{"@id":"https:\/\/www.pcte.it\/prodotto\/hcheat-cure-e-hcfheat-cure-fda\/#breadcrumb"},"inLanguage":"es","potentialAction":[{"@type":"ReadAction","target":["https:\/\/www.pcte.it\/prodotto\/hcheat-cure-e-hcfheat-cure-fda\/"]}]},{"@type":"ImageObject","inLanguage":"es","@id":"https:\/\/www.pcte.it\/prodotto\/hcheat-cure-e-hcfheat-cure-fda\/#primaryimage","url":"https:\/\/www.pcte.it\/wp-content\/uploads\/2026\/01\/heat-cure.png","contentUrl":"https:\/\/www.pcte.it\/wp-content\/uploads\/2026\/01\/heat-cure.png","width":600,"height":600},{"@type":"BreadcrumbList","@id":"https:\/\/www.pcte.it\/prodotto\/hcheat-cure-e-hcfheat-cure-fda\/#breadcrumb","itemListElement":[{"@type":"ListItem","position":1,"name":"Home","item":"https:\/\/www.pcte.it\/"},{"@type":"ListItem","position":2,"name":"Catalogo prodotti","item":"https:\/\/www.pcte.it\/catalogo\/"},{"@type":"ListItem","position":3,"name":"HC\u2122Heat Cure e HCF\u2122Heat Cure FDA"}]},{"@type":"WebSite","@id":"https:\/\/www.pcte.it\/#website","url":"https:\/\/www.pcte.it\/","name":"PCT Europe","description":"Polymer Cleaning technology","publisher":{"@id":"https:\/\/www.pcte.it\/#organization"},"potentialAction":[{"@type":"SearchAction","target":{"@type":"EntryPoint","urlTemplate":"https:\/\/www.pcte.it\/?s={search_term_string}"},"query-input":{"@type":"PropertyValueSpecification","valueRequired":true,"valueName":"search_term_string"}}],"inLanguage":"es"},{"@type":"Organization","@id":"https:\/\/www.pcte.it\/#organization","name":"PCT Europe","url":"https:\/\/www.pcte.it\/","logo":{"@type":"ImageObject","inLanguage":"es","@id":"https:\/\/www.pcte.it\/#\/schema\/logo\/image\/","url":"https:\/\/www.pcte.it\/wp-content\/uploads\/2025\/02\/PCTE_logo_verde-removebg-preview.png","contentUrl":"https:\/\/www.pcte.it\/wp-content\/uploads\/2025\/02\/PCTE_logo_verde-removebg-preview.png","width":181,"height":48,"caption":"PCT Europe"},"image":{"@id":"https:\/\/www.pcte.it\/#\/schema\/logo\/image\/"}}]}},"_links":{"self":[{"href":"https:\/\/www.pcte.it\/es\/wp-json\/wp\/v2\/product\/989006","targetHints":{"allow":["GET"]}}],"collection":[{"href":"https:\/\/www.pcte.it\/es\/wp-json\/wp\/v2\/product"}],"about":[{"href":"https:\/\/www.pcte.it\/es\/wp-json\/wp\/v2\/types\/product"}],"replies":[{"embeddable":true,"href":"https:\/\/www.pcte.it\/es\/wp-json\/wp\/v2\/comments?post=989006"}],"wp:featuredmedia":[{"embeddable":true,"href":"https:\/\/www.pcte.it\/es\/wp-json\/wp\/v2\/media\/989160"}],"wp:attachment":[{"href":"https:\/\/www.pcte.it\/es\/wp-json\/wp\/v2\/media?parent=989006"}],"wp:term":[{"taxonomy":"product_brand","embeddable":true,"href":"https:\/\/www.pcte.it\/es\/wp-json\/wp\/v2\/product_brand?post=989006"},{"taxonomy":"product_cat","embeddable":true,"href":"https:\/\/www.pcte.it\/es\/wp-json\/wp\/v2\/product_cat?post=989006"},{"taxonomy":"product_tag","embeddable":true,"href":"https:\/\/www.pcte.it\/es\/wp-json\/wp\/v2\/product_tag?post=989006"}],"curies":[{"name":"wp","href":"https:\/\/api.w.org\/{rel}","templated":true}]}}