{"id":989021,"date":"2026-01-23T11:49:48","date_gmt":"2026-01-23T10:49:48","guid":{"rendered":"https:\/\/www.pcte.it\/?post_type=product&#038;p=989021"},"modified":"2026-02-13T14:23:13","modified_gmt":"2026-02-13T13:23:13","slug":"pasta-diamantata-ultramold","status":"publish","type":"product","link":"https:\/\/www.pcte.it\/es\/producto\/pasta-diamantata-ultramold\/","title":{"rendered":"Pasta de Diamante ULTRAMOLD"},"content":{"rendered":"<div class=\"vgblk-rw-wrapper limit-wrapper\">Esta mezcla de diamante altamente concentrada posee altas propiedades abrasivas.<\/p>\n<p>Combina velocidad de corte y calidad de acabado. Es ideal para pulir metales duros.<\/p>\n<p>La rugosidad superficial que se logra con este tipo de pasta reduce dr\u00e1sticamente el tiempo de pulido para lograr el resultado final deseado.<\/p>\n<p>ULTRAMOLD es la opci\u00f3n ideal para empresas que valoran una alta productividad de mecanizado, una excelente calidad de pulido, una mayor vida \u00fatil de las herramientas y una mayor precisi\u00f3n en el acabado de moldes.<\/p>\n<p>Es m\u00e1s que una simple pasta; es una soluci\u00f3n especializada dise\u00f1ada para mejorar la rentabilidad y la calidad de los productos terminados.<\/p><\/div>\n<p><!-- .vgblk-rw-wrapper --><\/p>","protected":false},"excerpt":{"rendered":"<p>\u00c8 una miscela ad altissima concentrazione di diamante con propriet\u00e0 abrasive molto elevate. Combina rapidit\u00e0 di taglio e qualit\u00e0 della finitura. \u00c8 ideale per la lucidatura di metalli duri. La rugosit\u00e0 della superficie ottenuta con questa tipologia di pasta permette di ridurre drasticamente i tempi delle fasi di lucidatura per arrivare al risultato finale. ULTRAMOLD&#8230;<\/p>","protected":false},"featured_media":989349,"comment_status":"open","ping_status":"closed","template":"","meta":{"_acf_changed":false},"product_brand":[],"product_cat":[66],"product_tag":[],"class_list":{"0":"post-989021","1":"product","2":"type-product","3":"status-publish","4":"has-post-thumbnail","6":"product_cat-prodotti-lucidatura","8":"first","9":"instock","10":"shipping-taxable","11":"product-type-simple"},"acf":[],"yoast_head":"<!-- This site is optimized with the Yoast SEO plugin v27.0 - https:\/\/yoast.com\/product\/yoast-seo-wordpress\/ -->\n<title>Pasta diamantata ULTRAMOLD - PCT Europe<\/title>\n<meta name=\"robots\" content=\"index, follow, max-snippet:-1, max-image-preview:large, max-video-preview:-1\" \/>\n<link rel=\"canonical\" href=\"https:\/\/www.pcte.it\/es\/producto\/pasta-diamantata-ultramold\/\" \/>\n<meta property=\"og:locale\" content=\"es_ES\" \/>\n<meta property=\"og:type\" content=\"article\" \/>\n<meta property=\"og:title\" content=\"Pasta diamantata ULTRAMOLD - PCT Europe\" \/>\n<meta property=\"og:description\" content=\"\u00c8 una miscela ad altissima concentrazione di diamante con propriet\u00e0 abrasive molto elevate. Combina rapidit\u00e0 di taglio e qualit\u00e0 della finitura. \u00c8 ideale per la lucidatura di metalli duri. La rugosit\u00e0 della superficie ottenuta con questa tipologia di pasta permette di ridurre drasticamente i tempi delle fasi di lucidatura per arrivare al risultato finale. ULTRAMOLD...\" \/>\n<meta property=\"og:url\" content=\"https:\/\/www.pcte.it\/es\/producto\/pasta-diamantata-ultramold\/\" \/>\n<meta property=\"og:site_name\" content=\"PCT Europe\" \/>\n<meta property=\"article:modified_time\" content=\"2026-02-13T13:23:13+00:00\" \/>\n<meta property=\"og:image\" content=\"https:\/\/www.pcte.it\/wp-content\/uploads\/2026\/01\/ultramold-2.png\" \/>\n\t<meta property=\"og:image:width\" content=\"650\" \/>\n\t<meta property=\"og:image:height\" content=\"650\" \/>\n\t<meta property=\"og:image:type\" content=\"image\/png\" \/>\n<meta name=\"twitter:card\" content=\"summary_large_image\" \/>\n<meta name=\"twitter:label1\" content=\"Tiempo de lectura\" \/>\n\t<meta name=\"twitter:data1\" content=\"1 minuto\" \/>\n<script type=\"application\/ld+json\" class=\"yoast-schema-graph\">{\"@context\":\"https:\/\/schema.org\",\"@graph\":[{\"@type\":\"WebPage\",\"@id\":\"https:\/\/www.pcte.it\/prodotto\/pasta-diamantata-ultramold\/\",\"url\":\"https:\/\/www.pcte.it\/prodotto\/pasta-diamantata-ultramold\/\",\"name\":\"Pasta diamantata ULTRAMOLD - PCT Europe\",\"isPartOf\":{\"@id\":\"https:\/\/www.pcte.it\/#website\"},\"primaryImageOfPage\":{\"@id\":\"https:\/\/www.pcte.it\/prodotto\/pasta-diamantata-ultramold\/#primaryimage\"},\"image\":{\"@id\":\"https:\/\/www.pcte.it\/prodotto\/pasta-diamantata-ultramold\/#primaryimage\"},\"thumbnailUrl\":\"https:\/\/www.pcte.it\/wp-content\/uploads\/2026\/01\/ultramold-2.png\",\"datePublished\":\"2026-01-23T10:49:48+00:00\",\"dateModified\":\"2026-02-13T13:23:13+00:00\",\"breadcrumb\":{\"@id\":\"https:\/\/www.pcte.it\/prodotto\/pasta-diamantata-ultramold\/#breadcrumb\"},\"inLanguage\":\"es\",\"potentialAction\":[{\"@type\":\"ReadAction\",\"target\":[\"https:\/\/www.pcte.it\/prodotto\/pasta-diamantata-ultramold\/\"]}]},{\"@type\":\"ImageObject\",\"inLanguage\":\"es\",\"@id\":\"https:\/\/www.pcte.it\/prodotto\/pasta-diamantata-ultramold\/#primaryimage\",\"url\":\"https:\/\/www.pcte.it\/wp-content\/uploads\/2026\/01\/ultramold-2.png\",\"contentUrl\":\"https:\/\/www.pcte.it\/wp-content\/uploads\/2026\/01\/ultramold-2.png\",\"width\":650,\"height\":650},{\"@type\":\"BreadcrumbList\",\"@id\":\"https:\/\/www.pcte.it\/prodotto\/pasta-diamantata-ultramold\/#breadcrumb\",\"itemListElement\":[{\"@type\":\"ListItem\",\"position\":1,\"name\":\"Home\",\"item\":\"https:\/\/www.pcte.it\/\"},{\"@type\":\"ListItem\",\"position\":2,\"name\":\"Catalogo prodotti\",\"item\":\"https:\/\/www.pcte.it\/catalogo\/\"},{\"@type\":\"ListItem\",\"position\":3,\"name\":\"Pasta diamantata ULTRAMOLD\"}]},{\"@type\":\"WebSite\",\"@id\":\"https:\/\/www.pcte.it\/#website\",\"url\":\"https:\/\/www.pcte.it\/\",\"name\":\"PCT Europe\",\"description\":\"Polymer Cleaning technology\",\"publisher\":{\"@id\":\"https:\/\/www.pcte.it\/#organization\"},\"potentialAction\":[{\"@type\":\"SearchAction\",\"target\":{\"@type\":\"EntryPoint\",\"urlTemplate\":\"https:\/\/www.pcte.it\/?s={search_term_string}\"},\"query-input\":{\"@type\":\"PropertyValueSpecification\",\"valueRequired\":true,\"valueName\":\"search_term_string\"}}],\"inLanguage\":\"es\"},{\"@type\":\"Organization\",\"@id\":\"https:\/\/www.pcte.it\/#organization\",\"name\":\"PCT Europe\",\"url\":\"https:\/\/www.pcte.it\/\",\"logo\":{\"@type\":\"ImageObject\",\"inLanguage\":\"es\",\"@id\":\"https:\/\/www.pcte.it\/#\/schema\/logo\/image\/\",\"url\":\"https:\/\/www.pcte.it\/wp-content\/uploads\/2025\/02\/PCTE_logo_verde-removebg-preview.png\",\"contentUrl\":\"https:\/\/www.pcte.it\/wp-content\/uploads\/2025\/02\/PCTE_logo_verde-removebg-preview.png\",\"width\":181,\"height\":48,\"caption\":\"PCT Europe\"},\"image\":{\"@id\":\"https:\/\/www.pcte.it\/#\/schema\/logo\/image\/\"}}]}<\/script>\n<!-- \/ Yoast SEO plugin. -->","yoast_head_json":{"title":"Pasta diamantata ULTRAMOLD - PCT Europe","robots":{"index":"index","follow":"follow","max-snippet":"max-snippet:-1","max-image-preview":"max-image-preview:large","max-video-preview":"max-video-preview:-1"},"canonical":"https:\/\/www.pcte.it\/es\/producto\/pasta-diamantata-ultramold\/","og_locale":"es_ES","og_type":"article","og_title":"Pasta diamantata ULTRAMOLD - PCT Europe","og_description":"\u00c8 una miscela ad altissima concentrazione di diamante con propriet\u00e0 abrasive molto elevate. Combina rapidit\u00e0 di taglio e qualit\u00e0 della finitura. \u00c8 ideale per la lucidatura di metalli duri. La rugosit\u00e0 della superficie ottenuta con questa tipologia di pasta permette di ridurre drasticamente i tempi delle fasi di lucidatura per arrivare al risultato finale. ULTRAMOLD...","og_url":"https:\/\/www.pcte.it\/es\/producto\/pasta-diamantata-ultramold\/","og_site_name":"PCT Europe","article_modified_time":"2026-02-13T13:23:13+00:00","og_image":[{"width":650,"height":650,"url":"https:\/\/www.pcte.it\/wp-content\/uploads\/2026\/01\/ultramold-2.png","type":"image\/png"}],"twitter_card":"summary_large_image","twitter_misc":{"Tiempo de lectura":"1 minuto"},"schema":{"@context":"https:\/\/schema.org","@graph":[{"@type":"WebPage","@id":"https:\/\/www.pcte.it\/prodotto\/pasta-diamantata-ultramold\/","url":"https:\/\/www.pcte.it\/prodotto\/pasta-diamantata-ultramold\/","name":"Pasta diamantata ULTRAMOLD - PCT Europe","isPartOf":{"@id":"https:\/\/www.pcte.it\/#website"},"primaryImageOfPage":{"@id":"https:\/\/www.pcte.it\/prodotto\/pasta-diamantata-ultramold\/#primaryimage"},"image":{"@id":"https:\/\/www.pcte.it\/prodotto\/pasta-diamantata-ultramold\/#primaryimage"},"thumbnailUrl":"https:\/\/www.pcte.it\/wp-content\/uploads\/2026\/01\/ultramold-2.png","datePublished":"2026-01-23T10:49:48+00:00","dateModified":"2026-02-13T13:23:13+00:00","breadcrumb":{"@id":"https:\/\/www.pcte.it\/prodotto\/pasta-diamantata-ultramold\/#breadcrumb"},"inLanguage":"es","potentialAction":[{"@type":"ReadAction","target":["https:\/\/www.pcte.it\/prodotto\/pasta-diamantata-ultramold\/"]}]},{"@type":"ImageObject","inLanguage":"es","@id":"https:\/\/www.pcte.it\/prodotto\/pasta-diamantata-ultramold\/#primaryimage","url":"https:\/\/www.pcte.it\/wp-content\/uploads\/2026\/01\/ultramold-2.png","contentUrl":"https:\/\/www.pcte.it\/wp-content\/uploads\/2026\/01\/ultramold-2.png","width":650,"height":650},{"@type":"BreadcrumbList","@id":"https:\/\/www.pcte.it\/prodotto\/pasta-diamantata-ultramold\/#breadcrumb","itemListElement":[{"@type":"ListItem","position":1,"name":"Home","item":"https:\/\/www.pcte.it\/"},{"@type":"ListItem","position":2,"name":"Catalogo prodotti","item":"https:\/\/www.pcte.it\/catalogo\/"},{"@type":"ListItem","position":3,"name":"Pasta diamantata ULTRAMOLD"}]},{"@type":"WebSite","@id":"https:\/\/www.pcte.it\/#website","url":"https:\/\/www.pcte.it\/","name":"PCT Europe","description":"Polymer Cleaning technology","publisher":{"@id":"https:\/\/www.pcte.it\/#organization"},"potentialAction":[{"@type":"SearchAction","target":{"@type":"EntryPoint","urlTemplate":"https:\/\/www.pcte.it\/?s={search_term_string}"},"query-input":{"@type":"PropertyValueSpecification","valueRequired":true,"valueName":"search_term_string"}}],"inLanguage":"es"},{"@type":"Organization","@id":"https:\/\/www.pcte.it\/#organization","name":"PCT Europe","url":"https:\/\/www.pcte.it\/","logo":{"@type":"ImageObject","inLanguage":"es","@id":"https:\/\/www.pcte.it\/#\/schema\/logo\/image\/","url":"https:\/\/www.pcte.it\/wp-content\/uploads\/2025\/02\/PCTE_logo_verde-removebg-preview.png","contentUrl":"https:\/\/www.pcte.it\/wp-content\/uploads\/2025\/02\/PCTE_logo_verde-removebg-preview.png","width":181,"height":48,"caption":"PCT Europe"},"image":{"@id":"https:\/\/www.pcte.it\/#\/schema\/logo\/image\/"}}]}},"_links":{"self":[{"href":"https:\/\/www.pcte.it\/es\/wp-json\/wp\/v2\/product\/989021","targetHints":{"allow":["GET"]}}],"collection":[{"href":"https:\/\/www.pcte.it\/es\/wp-json\/wp\/v2\/product"}],"about":[{"href":"https:\/\/www.pcte.it\/es\/wp-json\/wp\/v2\/types\/product"}],"replies":[{"embeddable":true,"href":"https:\/\/www.pcte.it\/es\/wp-json\/wp\/v2\/comments?post=989021"}],"wp:featuredmedia":[{"embeddable":true,"href":"https:\/\/www.pcte.it\/es\/wp-json\/wp\/v2\/media\/989349"}],"wp:attachment":[{"href":"https:\/\/www.pcte.it\/es\/wp-json\/wp\/v2\/media?parent=989021"}],"wp:term":[{"taxonomy":"product_brand","embeddable":true,"href":"https:\/\/www.pcte.it\/es\/wp-json\/wp\/v2\/product_brand?post=989021"},{"taxonomy":"product_cat","embeddable":true,"href":"https:\/\/www.pcte.it\/es\/wp-json\/wp\/v2\/product_cat?post=989021"},{"taxonomy":"product_tag","embeddable":true,"href":"https:\/\/www.pcte.it\/es\/wp-json\/wp\/v2\/product_tag?post=989021"}],"curies":[{"name":"wp","href":"https:\/\/api.w.org\/{rel}","templated":true}]}}